{"id":1381,"date":"2025-11-02T19:24:09","date_gmt":"2025-11-02T18:24:09","guid":{"rendered":"http:\/\/riccardowebdesign.it\/OPHELIA\/prodotto\/prodotto-15\/"},"modified":"2025-11-02T19:52:21","modified_gmt":"2025-11-02T18:52:21","slug":"prodotto-15","status":"publish","type":"product","link":"http:\/\/riccardowebdesign.it\/OPHELIA\/prodotto\/prodotto-15\/","title":{"rendered":"Labradorite Viola \u2013 Cabochon singoli (#1\u2013#16)"},"content":{"rendered":"<p data-start=\"369\" data-end=\"742\">Cabochon di <strong data-start=\"381\" data-end=\"411\">labradorite viola naturale<\/strong>, scelti per i loro riflessi cangianti nei toni del lilla, rosa, porpora e oro caldo. Ogni pietra mostra un effetto ottico unico, con sfumature che si muovono sulla superficie creando un gioco di luce profondo e mistico. Le forme comprendono gocce e ovali, ognuna con un equilibrio particolare tra zone scure e bagliori luminosi.<\/p>\n<p data-start=\"744\" data-end=\"991\">La labradorite viola \u00e8 una pietra di <strong data-start=\"781\" data-end=\"835\">trasformazione, intuizione e protezione spirituale<\/strong>. \u00c8 considerata una delle variet\u00e0 pi\u00f9 rare e affascinanti della labradorite, associata alla saggezza interiore, alla creativit\u00e0 e al risveglio energetico.<\/p>\n<p data-start=\"993\" data-end=\"1187\"><strong data-start=\"993\" data-end=\"1008\">Dimensioni:<\/strong> variabili tra ~25\u00d718 mm e ~35\u00d725 mm<br data-start=\"1044\" data-end=\"1047\" \/><strong data-start=\"1047\" data-end=\"1057\">Forma:<\/strong> ovale e goccia<br data-start=\"1072\" data-end=\"1075\" \/>Ogni cabochon \u00e8 numerato (#1\u2013#16) e pu\u00f2 essere acquistato singolarmente selezionando il numero corrispondente.<\/p>\n","protected":false},"excerpt":{"rendered":"<p>Cabochon di <strong data-start=\"381\" data-end=\"411\">labradorite viola naturale<\/strong>, scelti per i loro riflessi cangianti nei toni del lilla, rosa, porpora e oro caldo. Ogni pietra mostra un effetto ottico unico, con sfumature che si muovono sulla superficie creando un gioco di luce profondo e mistico. Le forme comprendono gocce e ovali, ognuna con un equilibrio particolare tra zone scure e bagliori luminosi.<\/p>\n","protected":false},"featured_media":1398,"comment_status":"open","ping_status":"closed","template":"","meta":[],"product_brand":[],"product_cat":[27],"product_tag":[],"class_list":{"0":"post-1381","1":"product","2":"type-product","3":"status-publish","4":"has-post-thumbnail","6":"product_cat-cabochon","8":"first","9":"instock","10":"purchasable","11":"product-type-variable"},"aioseo_notices":[],"wcpa_form_fields":null,"_links":{"self":[{"href":"http:\/\/riccardowebdesign.it\/OPHELIA\/wp-json\/wp\/v2\/product\/1381","targetHints":{"allow":["GET"]}}],"collection":[{"href":"http:\/\/riccardowebdesign.it\/OPHELIA\/wp-json\/wp\/v2\/product"}],"about":[{"href":"http:\/\/riccardowebdesign.it\/OPHELIA\/wp-json\/wp\/v2\/types\/product"}],"replies":[{"embeddable":true,"href":"http:\/\/riccardowebdesign.it\/OPHELIA\/wp-json\/wp\/v2\/comments?post=1381"}],"wp:featuredmedia":[{"embeddable":true,"href":"http:\/\/riccardowebdesign.it\/OPHELIA\/wp-json\/wp\/v2\/media\/1398"}],"wp:attachment":[{"href":"http:\/\/riccardowebdesign.it\/OPHELIA\/wp-json\/wp\/v2\/media?parent=1381"}],"wp:term":[{"taxonomy":"product_brand","embeddable":true,"href":"http:\/\/riccardowebdesign.it\/OPHELIA\/wp-json\/wp\/v2\/product_brand?post=1381"},{"taxonomy":"product_cat","embeddable":true,"href":"http:\/\/riccardowebdesign.it\/OPHELIA\/wp-json\/wp\/v2\/product_cat?post=1381"},{"taxonomy":"product_tag","embeddable":true,"href":"http:\/\/riccardowebdesign.it\/OPHELIA\/wp-json\/wp\/v2\/product_tag?post=1381"}],"curies":[{"name":"wp","href":"https:\/\/api.w.org\/{rel}","templated":true}]}}