{"id":1835,"date":"2025-11-09T14:22:37","date_gmt":"2025-11-09T13:22:37","guid":{"rendered":"http:\/\/riccardowebdesign.it\/OPHELIA\/prodotto\/prodotto-21\/"},"modified":"2025-11-09T14:28:14","modified_gmt":"2025-11-09T13:28:14","slug":"prodotto-21","status":"publish","type":"product","link":"http:\/\/riccardowebdesign.it\/OPHELIA\/prodotto\/prodotto-21\/","title":{"rendered":"Lepidolite Mica \u2013 Cabochon singoli (#1\u2013#16)"},"content":{"rendered":"<p data-start=\"322\" data-end=\"712\">Cabochon di <strong data-start=\"334\" data-end=\"362\">lepidolite mica naturale<\/strong>, caratterizzati da tonalit\u00e0 che variano dal rosa cipria al viola lavanda, con riflessi argentei e una texture lamellare tipica dei minerali micacei. Ogni cabochon presenta un disegno unico, con venature e inclusioni che creano un effetto brillante e setoso alla luce. Le forme includono gocce, ovali e triangoli dalle sfumature morbide e luminose.<\/p>\n<p data-start=\"714\" data-end=\"954\">La lepidolite \u00e8 una pietra di <strong data-start=\"744\" data-end=\"799\">calma, equilibrio emotivo e rinnovamento energetico<\/strong>. \u00c8 conosciuta per il suo contenuto naturale di litio, che la rende simbolo di serenit\u00e0 e stabilit\u00e0 interiore, utile nei momenti di stress o cambiamento.<\/p>\n<p data-start=\"956\" data-end=\"1163\"><strong data-start=\"956\" data-end=\"971\">Dimensioni:<\/strong> variabili tra ~22\u00d715 mm e ~30\u00d722 mm<br data-start=\"1007\" data-end=\"1010\" \/><strong data-start=\"1010\" data-end=\"1020\">Forma:<\/strong> ovale, goccia e triangolare<br data-start=\"1048\" data-end=\"1051\" \/>Ogni cabochon \u00e8 numerato (#1\u2013#16) e pu\u00f2 essere acquistato singolarmente selezionando il numero corrispondente.<\/p>\n","protected":false},"excerpt":{"rendered":"<p>Cabochon di <strong data-start=\"334\" data-end=\"362\">lepidolite mica naturale<\/strong>, caratterizzati da tonalit\u00e0 che variano dal rosa cipria al viola lavanda, con riflessi argentei e una texture lamellare tipica dei minerali micacei. Ogni cabochon presenta un disegno unico, con venature e inclusioni che creano un effetto brillante e setoso alla luce. Le forme includono gocce, ovali e triangoli dalle sfumature morbide e luminose.<\/p>\n","protected":false},"featured_media":1852,"comment_status":"open","ping_status":"closed","template":"","meta":[],"product_brand":[],"product_cat":[27],"product_tag":[],"class_list":{"0":"post-1835","1":"product","2":"type-product","3":"status-publish","4":"has-post-thumbnail","6":"product_cat-cabochon","8":"first","9":"instock","10":"purchasable","11":"product-type-variable"},"aioseo_notices":[],"wcpa_form_fields":null,"_links":{"self":[{"href":"http:\/\/riccardowebdesign.it\/OPHELIA\/wp-json\/wp\/v2\/product\/1835","targetHints":{"allow":["GET"]}}],"collection":[{"href":"http:\/\/riccardowebdesign.it\/OPHELIA\/wp-json\/wp\/v2\/product"}],"about":[{"href":"http:\/\/riccardowebdesign.it\/OPHELIA\/wp-json\/wp\/v2\/types\/product"}],"replies":[{"embeddable":true,"href":"http:\/\/riccardowebdesign.it\/OPHELIA\/wp-json\/wp\/v2\/comments?post=1835"}],"wp:featuredmedia":[{"embeddable":true,"href":"http:\/\/riccardowebdesign.it\/OPHELIA\/wp-json\/wp\/v2\/media\/1852"}],"wp:attachment":[{"href":"http:\/\/riccardowebdesign.it\/OPHELIA\/wp-json\/wp\/v2\/media?parent=1835"}],"wp:term":[{"taxonomy":"product_brand","embeddable":true,"href":"http:\/\/riccardowebdesign.it\/OPHELIA\/wp-json\/wp\/v2\/product_brand?post=1835"},{"taxonomy":"product_cat","embeddable":true,"href":"http:\/\/riccardowebdesign.it\/OPHELIA\/wp-json\/wp\/v2\/product_cat?post=1835"},{"taxonomy":"product_tag","embeddable":true,"href":"http:\/\/riccardowebdesign.it\/OPHELIA\/wp-json\/wp\/v2\/product_tag?post=1835"}],"curies":[{"name":"wp","href":"https:\/\/api.w.org\/{rel}","templated":true}]}}