{"id":1913,"date":"2025-11-09T18:01:18","date_gmt":"2025-11-09T17:01:18","guid":{"rendered":"http:\/\/riccardowebdesign.it\/OPHELIA\/prodotto\/prodotto-23\/"},"modified":"2025-11-09T18:10:39","modified_gmt":"2025-11-09T17:10:39","slug":"prodotto-23","status":"publish","type":"product","link":"http:\/\/riccardowebdesign.it\/OPHELIA\/prodotto\/prodotto-23\/","title":{"rendered":"Quarzo Rosa \u2013 Cabochon singoli (#1\u2013#16)"},"content":{"rendered":"<p data-start=\"226\" data-end=\"522\">Cabochon di <strong data-start=\"238\" data-end=\"262\">quarzo rosa naturale<\/strong>, con sfumature che variano dal rosa tenue al rosa intenso, attraversate da leggere venature traslucide che donano profondit\u00e0 e dolcezza al colore. Ogni cabochon \u00e8 unico per intensit\u00e0 e trasparenza, con forme armoniose e una luminosit\u00e0 delicata e avvolgente.<\/p>\n<p data-start=\"524\" data-end=\"774\">Il quarzo rosa \u00e8 una pietra di <strong data-start=\"555\" data-end=\"595\">amore, compassione e armonia emotiva<\/strong>. \u00c8 associato al chakra del cuore e viene considerato un simbolo universale di pace interiore, tenerezza e guarigione affettiva, favorendo equilibrio e serenit\u00e0 nelle relazioni.<\/p>\n<p data-start=\"776\" data-end=\"983\"><strong data-start=\"776\" data-end=\"791\">Dimensioni:<\/strong> variabili tra ~22\u00d715 mm e ~30\u00d722 mm<br data-start=\"827\" data-end=\"830\" \/><strong data-start=\"830\" data-end=\"840\">Forma:<\/strong> ovale, goccia e triangolare<br data-start=\"868\" data-end=\"871\" \/>Ogni cabochon \u00e8 numerato (#1\u2013#16) e pu\u00f2 essere acquistato singolarmente selezionando il numero corrispondente.<\/p>\n","protected":false},"excerpt":{"rendered":"<p data-start=\"226\" data-end=\"522\">Cabochon di <strong data-start=\"238\" data-end=\"262\">quarzo rosa naturale<\/strong>, con sfumature che variano dal rosa tenue al rosa intenso, attraversate da leggere venature traslucide che donano profondit\u00e0 e dolcezza al colore. Ogni cabochon \u00e8 unico per intensit\u00e0 e trasparenza, con forme armoniose e una luminosit\u00e0 delicata e avvolgente.<\/p>\n<p data-start=\"524\" data-end=\"774\">\n","protected":false},"featured_media":1930,"comment_status":"open","ping_status":"closed","template":"","meta":[],"product_brand":[],"product_cat":[27],"product_tag":[],"class_list":{"0":"post-1913","1":"product","2":"type-product","3":"status-publish","4":"has-post-thumbnail","6":"product_cat-cabochon","8":"first","9":"instock","10":"purchasable","11":"product-type-variable"},"aioseo_notices":[],"wcpa_form_fields":null,"_links":{"self":[{"href":"http:\/\/riccardowebdesign.it\/OPHELIA\/wp-json\/wp\/v2\/product\/1913","targetHints":{"allow":["GET"]}}],"collection":[{"href":"http:\/\/riccardowebdesign.it\/OPHELIA\/wp-json\/wp\/v2\/product"}],"about":[{"href":"http:\/\/riccardowebdesign.it\/OPHELIA\/wp-json\/wp\/v2\/types\/product"}],"replies":[{"embeddable":true,"href":"http:\/\/riccardowebdesign.it\/OPHELIA\/wp-json\/wp\/v2\/comments?post=1913"}],"wp:featuredmedia":[{"embeddable":true,"href":"http:\/\/riccardowebdesign.it\/OPHELIA\/wp-json\/wp\/v2\/media\/1930"}],"wp:attachment":[{"href":"http:\/\/riccardowebdesign.it\/OPHELIA\/wp-json\/wp\/v2\/media?parent=1913"}],"wp:term":[{"taxonomy":"product_brand","embeddable":true,"href":"http:\/\/riccardowebdesign.it\/OPHELIA\/wp-json\/wp\/v2\/product_brand?post=1913"},{"taxonomy":"product_cat","embeddable":true,"href":"http:\/\/riccardowebdesign.it\/OPHELIA\/wp-json\/wp\/v2\/product_cat?post=1913"},{"taxonomy":"product_tag","embeddable":true,"href":"http:\/\/riccardowebdesign.it\/OPHELIA\/wp-json\/wp\/v2\/product_tag?post=1913"}],"curies":[{"name":"wp","href":"https:\/\/api.w.org\/{rel}","templated":true}]}}