{"id":2373,"date":"2025-11-21T17:32:05","date_gmt":"2025-11-21T16:32:05","guid":{"rendered":"http:\/\/riccardowebdesign.it\/OPHELIA\/?post_type=product&#038;p=2373"},"modified":"2025-12-15T20:12:09","modified_gmt":"2025-12-15T19:12:09","slug":"anello","status":"publish","type":"product","link":"http:\/\/riccardowebdesign.it\/OPHELIA\/prodotto\/anello\/","title":{"rendered":"Anello in amazzonite | filo dorato intrecciato"},"content":{"rendered":"<article class=\"text-token-text-primary w-full focus:outline-none [--shadow-height:45px] has-data-writing-block:pointer-events-none has-data-writing-block:-mt-(--shadow-height) has-data-writing-block:pt-(--shadow-height) [&amp;:has([data-writing-block])&gt;*]:pointer-events-auto [content-visibility:auto] supports-[content-visibility:auto]:[contain-intrinsic-size:auto_100lvh] scroll-mt-[calc(var(--header-height)+min(200px,max(70px,20svh)))]\" dir=\"auto\" tabindex=\"-1\" data-turn-id=\"62180e76-dae8-4adb-a78b-fb2186f19ea0\" data-testid=\"conversation-turn-4\" data-scroll-anchor=\"false\" data-turn=\"assistant\">\n<div class=\"text-base my-auto mx-auto [--thread-content-margin:--spacing(4)] thread-sm:[--thread-content-margin:--spacing(6)] thread-lg:[--thread-content-margin:--spacing(16)] px-(--thread-content-margin)\">\n<div class=\"[--thread-content-max-width:40rem] thread-lg:[--thread-content-max-width:48rem] mx-auto max-w-(--thread-content-max-width) flex-1 group\/turn-messages focus-visible:outline-hidden relative flex w-full min-w-0 flex-col agent-turn\" tabindex=\"-1\">\n<div class=\"flex max-w-full flex-col grow\">\n<div class=\"min-h-8 text-message relative flex w-full flex-col items-end gap-2 text-start break-words whitespace-normal [.text-message+&amp;]:mt-1\" dir=\"auto\" data-message-author-role=\"assistant\" data-message-id=\"ace5085a-1a4a-4482-b487-31d4b1d6b7fc\" data-message-model-slug=\"gpt-5-1-thinking\">\n<div class=\"flex w-full flex-col gap-1 empty:hidden first:pt-[1px]\">\n<div class=\"streaming-animation markdown prose dark:prose-invert w-full break-words dark markdown-new-styling\">\n<p data-start=\"324\" data-end=\"660\">Questo anello nasce da un filo oro che si avvolge pi\u00f9 volte attorno all\u2019amazzonite, come a proteggerla e metterla al centro della scena. La pietra, con il suo verde delicato e leggermente lattiginoso, cattura la luce con riflessi morbidi e discreti, perfetti per chi ama dettagli particolari ma non appariscenti.<\/p>\n<p data-start=\"662\" data-end=\"979\">L\u2019amazzonite \u00e8 spesso associata al coraggio gentile: aiuta a dare voce ai propri pensieri senza perdere delicatezza, a trovare una calma lucida anche quando le emozioni sono tante. \u00c8 una pietra legata al cuore e alla gola, ideale per chi sta imparando a dire \u201cs\u00ec\u201d e \u201cno\u201d al momento giusto, senza sentirsi fuori posto.<\/p>\n<p data-start=\"981\" data-end=\"1120\">Indossarlo \u00e8 come portare con s\u00e9 un piccolo promemoria di equilibrio: un cerchio d\u2019oro che avvolge la pietra e, insieme, le tue intenzioni.<\/p>\n<hr data-start=\"1122\" data-end=\"1125\" \/>\n<ul data-start=\"1151\" data-end=\"1839\" data-is-last-node=\"\" data-is-only-node=\"\">\n<li data-start=\"1151\" data-end=\"1202\">\n<p data-start=\"1153\" data-end=\"1202\"><strong data-start=\"1153\" data-end=\"1163\">Pietra<\/strong>: amazzonite naturale, taglio sferico<\/p>\n<\/li>\n<li data-start=\"1203\" data-end=\"1269\">\n<p data-start=\"1205\" data-end=\"1269\"><strong data-start=\"1205\" data-end=\"1222\">Colore pietra<\/strong>: verde acqua delicato, con sfumature morbide<\/p>\n<\/li>\n<li data-start=\"1270\" data-end=\"1339\">\n<p data-start=\"1272\" data-end=\"1339\"><strong data-start=\"1272\" data-end=\"1283\">Metallo<\/strong>: filo di rame color oro, modellato interamente a mano<\/p>\n<\/li>\n<li data-start=\"1340\" data-end=\"1406\">\n<p data-start=\"1342\" data-end=\"1406\"><strong data-start=\"1342\" data-end=\"1353\">Tecnica<\/strong>: wire wrapping artigianale, ogni intreccio \u00e8 unico<\/p>\n<\/li>\n<li data-start=\"1407\" data-end=\"1487\">\n<p data-start=\"1409\" data-end=\"1487\"><strong data-start=\"1409\" data-end=\"1419\">Misura<\/strong>: 17<\/p>\n<\/li>\n<li data-start=\"1488\" data-end=\"1562\"><strong data-start=\"1766\" data-end=\"1781\">Nichel free<\/strong>: pensato per essere il pi\u00f9 possibile delicato sulla pelle<\/li>\n<\/ul>\n<\/div>\n<\/div>\n<\/div>\n<\/div>\n<div class=\"z-0 flex min-h-[46px] justify-start\">\n<p data-start=\"1268\" data-end=\"1590\">Questo anello \u00e8 pensato per chi sente il bisogno di fare spazio alla propria voce senza alzare mai il tono. \u00c8 adatto a chi vive giornate piene, ma vuole portare con s\u00e9 un dettaglio che lo riporti subito al centro: uno sguardo alla pietra, un respiro profondo, e tutto torna pi\u00f9 chiaro.<\/p>\n<p data-start=\"1592\" data-end=\"1913\">Perfetto per persone sensibili, creative, intuitive, che amano i gioielli dal design organico e un po\u2019 irregolare, pi\u00f9 vicini a qualcosa di vivo che a un oggetto \u201cperfetto\u201d. Sta benissimo da solo come pezzo distintivo, ma anche abbinato ad altri anelli sottili oro o rame per creare il proprio piccolo rituale quotidiano.<\/p>\n<hr data-start=\"1915\" data-end=\"1918\" \/>\n<p data-start=\"1920\" data-end=\"1942\">\n<\/div>\n<\/div>\n<\/div>\n<\/article>\n<article class=\"text-token-text-primary w-full focus:outline-none [--shadow-height:45px] has-data-writing-block:pointer-events-none has-data-writing-block:-mt-(--shadow-height) has-data-writing-block:pt-(--shadow-height) [&amp;:has([data-writing-block])&gt;*]:pointer-events-auto scroll-mt-(--header-height)\" dir=\"auto\" tabindex=\"-1\" data-turn-id=\"f2bb190f-6446-4321-8731-fb6dce5b2ffe\" data-testid=\"conversation-turn-5\" data-scroll-anchor=\"false\" data-turn=\"user\">\n<h5 class=\"sr-only\"><\/h5>\n<\/article>\n","protected":false},"excerpt":{"rendered":"<p data-start=\"72\" data-end=\"317\">Un anello luminoso in filo dorato intrecciato che abbraccia una sfera di amazzonite verde acqua. Un piccolo talismano da indossare ogni giorno per ricordarti di respirare, rallentare e restare fedele a ci\u00f2 che senti davvero.<\/p>\n","protected":false},"featured_media":2394,"comment_status":"open","ping_status":"closed","template":"","meta":[],"product_brand":[26],"product_cat":[22],"product_tag":[],"class_list":{"0":"post-2373","1":"product","2":"type-product","3":"status-publish","4":"has-post-thumbnail","6":"product_brand-ophelias-gioielli","7":"product_cat-anelli","9":"first","10":"instock","11":"sold-individually","12":"purchasable","13":"product-type-simple"},"aioseo_notices":[],"wcpa_form_fields":null,"_links":{"self":[{"href":"http:\/\/riccardowebdesign.it\/OPHELIA\/wp-json\/wp\/v2\/product\/2373","targetHints":{"allow":["GET"]}}],"collection":[{"href":"http:\/\/riccardowebdesign.it\/OPHELIA\/wp-json\/wp\/v2\/product"}],"about":[{"href":"http:\/\/riccardowebdesign.it\/OPHELIA\/wp-json\/wp\/v2\/types\/product"}],"replies":[{"embeddable":true,"href":"http:\/\/riccardowebdesign.it\/OPHELIA\/wp-json\/wp\/v2\/comments?post=2373"}],"wp:featuredmedia":[{"embeddable":true,"href":"http:\/\/riccardowebdesign.it\/OPHELIA\/wp-json\/wp\/v2\/media\/2394"}],"wp:attachment":[{"href":"http:\/\/riccardowebdesign.it\/OPHELIA\/wp-json\/wp\/v2\/media?parent=2373"}],"wp:term":[{"taxonomy":"product_brand","embeddable":true,"href":"http:\/\/riccardowebdesign.it\/OPHELIA\/wp-json\/wp\/v2\/product_brand?post=2373"},{"taxonomy":"product_cat","embeddable":true,"href":"http:\/\/riccardowebdesign.it\/OPHELIA\/wp-json\/wp\/v2\/product_cat?post=2373"},{"taxonomy":"product_tag","embeddable":true,"href":"http:\/\/riccardowebdesign.it\/OPHELIA\/wp-json\/wp\/v2\/product_tag?post=2373"}],"curies":[{"name":"wp","href":"https:\/\/api.w.org\/{rel}","templated":true}]}}