{"id":2375,"date":"2025-11-21T17:36:25","date_gmt":"2025-11-21T16:36:25","guid":{"rendered":"http:\/\/riccardowebdesign.it\/OPHELIA\/prodotto\/anello-2\/"},"modified":"2025-12-15T20:11:22","modified_gmt":"2025-12-15T19:11:22","slug":"anello-2","status":"publish","type":"product","link":"http:\/\/riccardowebdesign.it\/OPHELIA\/prodotto\/anello-2\/","title":{"rendered":"Anello in quarzo fum\u00e9"},"content":{"rendered":"<article class=\"text-token-text-primary w-full focus:outline-none [--shadow-height:45px] has-data-writing-block:pointer-events-none has-data-writing-block:-mt-(--shadow-height) has-data-writing-block:pt-(--shadow-height) [&amp;:has([data-writing-block])&gt;*]:pointer-events-auto [content-visibility:auto] supports-[content-visibility:auto]:[contain-intrinsic-size:auto_100lvh] scroll-mt-[calc(var(--header-height)+min(200px,max(70px,20svh)))]\" dir=\"auto\" tabindex=\"-1\" data-turn-id=\"cc75b37b-c484-4396-88f9-a6abde43c330\" data-testid=\"conversation-turn-10\" data-scroll-anchor=\"true\" data-turn=\"assistant\">\n<div class=\"text-base my-auto mx-auto pb-10 [--thread-content-margin:--spacing(4)] thread-sm:[--thread-content-margin:--spacing(6)] thread-lg:[--thread-content-margin:--spacing(16)] px-(--thread-content-margin)\">\n<div class=\"[--thread-content-max-width:40rem] thread-lg:[--thread-content-max-width:48rem] mx-auto max-w-(--thread-content-max-width) flex-1 group\/turn-messages focus-visible:outline-hidden relative flex w-full min-w-0 flex-col agent-turn\" tabindex=\"-1\">\n<div class=\"flex max-w-full flex-col grow\">\n<div class=\"min-h-8 text-message relative flex w-full flex-col items-end gap-2 text-start break-words whitespace-normal [.text-message+&amp;]:mt-1\" dir=\"auto\" data-message-author-role=\"assistant\" data-message-id=\"c0e0ce0a-0b3a-4445-853c-26586f2027f0\" data-message-model-slug=\"gpt-5-1-thinking\">\n<div class=\"flex w-full flex-col gap-1 empty:hidden first:pt-[1px]\">\n<div class=\"markdown prose dark:prose-invert w-full break-words dark markdown-new-styling\">\n<p data-start=\"272\" data-end=\"639\">In questo anello il filo oro si avvolge attorno al quarzo fum\u00e9 creando un piccolo cerchio protettivo: l\u2019intreccio \u00e8 pulito, compatto, studiato per far risaltare la pietra senza appesantirla. Il quarzo fum\u00e9, con il suo marrone trasparente e fumoso, riflette la luce in modo sottile, quasi ipnotico, come se custodisse una piccola bruma interna.<\/p>\n<p data-start=\"641\" data-end=\"977\">Il quarzo fum\u00e9 \u00e8 considerato una pietra di radicamento e protezione: aiuta a scaricare le tensioni, a mettere a fuoco ci\u00f2 che conta davvero e a lasciare andare ci\u00f2 che appesantisce. \u00c8 spesso collegato al primo chakra, associato alla stabilit\u00e0 e al senso di sicurezza, ed \u00e8 scelto da chi desidera sentirsi pi\u00f9 presente, solido, centrato.<\/p>\n<p data-start=\"979\" data-end=\"1067\">Indossarlo \u00e8 come portare con s\u00e9 un promemoria silenzioso: respira, rallenta, resta qui.<\/p>\n<hr data-start=\"1069\" data-end=\"1072\" \/>\n<ul data-start=\"1098\" data-end=\"1874\">\n<li data-start=\"1098\" data-end=\"1150\">\n<p data-start=\"1100\" data-end=\"1150\"><strong data-start=\"1100\" data-end=\"1110\">Pietra<\/strong>: quarzo fum\u00e9 naturale, taglio sferico<\/p>\n<\/li>\n<li data-start=\"1151\" data-end=\"1233\">\n<p data-start=\"1153\" data-end=\"1233\"><strong data-start=\"1153\" data-end=\"1170\">Colore pietra<\/strong>: marrone fumoso trasparente, con delicate inclusioni interne<\/p>\n<\/li>\n<li data-start=\"1234\" data-end=\"1314\">\n<p data-start=\"1236\" data-end=\"1314\"><strong data-start=\"1236\" data-end=\"1247\">Metallo<\/strong>: filo di rame color oro, lavorato e modellato interamente a mano<\/p>\n<\/li>\n<li data-start=\"1315\" data-end=\"1407\">\n<p data-start=\"1317\" data-end=\"1407\"><strong data-start=\"1317\" data-end=\"1328\">Tecnica<\/strong>: wire wrapping artigianale, ogni anello \u00e8 leggermente diverso e irripetibile<\/p>\n<\/li>\n<li data-start=\"1408\" data-end=\"1488\">\n<p data-start=\"1410\" data-end=\"1488\"><strong data-start=\"1410\" data-end=\"1420\">Misura<\/strong>: 14<\/p>\n<\/li>\n<li data-start=\"1797\" data-end=\"1874\">\n<p data-start=\"1799\" data-end=\"1874\"><strong data-start=\"1799\" data-end=\"1814\">Nichel free<\/strong>: pensato per essere il pi\u00f9 possibile delicato sulla pelle<\/p>\n<\/li>\n<\/ul>\n<hr data-start=\"1876\" data-end=\"1879\" \/>\n<p data-start=\"1881\" data-end=\"2161\" data-is-last-node=\"\" data-is-only-node=\"\"><br data-start=\"1915\" data-end=\"1918\" \/>Ideale per chi sta attraversando cambiamenti o periodi intensi e cerca un gioiello che dia una sensazione di stabilit\u00e0. \u00c8 perfetto per chi ama colori neutri e terre, e preferisce pezzi discreti ma pieni di significato da indossare ogni giorno.<\/p>\n<\/div>\n<\/div>\n<\/div>\n<\/div>\n<div class=\"z-0 flex min-h-[46px] justify-start\"><\/div>\n<div class=\"mt-3 w-full empty:hidden\">\n<div class=\"text-center\"><\/div>\n<\/div>\n<\/div>\n<\/div>\n<\/article>\n<div class=\"pointer-events-none h-px w-px\" aria-hidden=\"true\" data-edge=\"true\"><\/div>\n","protected":false},"excerpt":{"rendered":"<p data-start=\"75\" data-end=\"304\">Un anello essenziale, in filo dorato avvolto attorno a una sfera di quarzo fum\u00e9 dai riflessi morbidi. Un talismano discreto che assorbe il superfluo e ti aiuta a tenere solo ci\u00f2 che conta davvero vicino a te.<\/p>\n","protected":false},"featured_media":2397,"comment_status":"open","ping_status":"closed","template":"","meta":[],"product_brand":[26],"product_cat":[22],"product_tag":[],"class_list":{"0":"post-2375","1":"product","2":"type-product","3":"status-publish","4":"has-post-thumbnail","6":"product_brand-ophelias-gioielli","7":"product_cat-anelli","9":"first","10":"instock","11":"purchasable","12":"product-type-simple"},"aioseo_notices":[],"wcpa_form_fields":null,"_links":{"self":[{"href":"http:\/\/riccardowebdesign.it\/OPHELIA\/wp-json\/wp\/v2\/product\/2375","targetHints":{"allow":["GET"]}}],"collection":[{"href":"http:\/\/riccardowebdesign.it\/OPHELIA\/wp-json\/wp\/v2\/product"}],"about":[{"href":"http:\/\/riccardowebdesign.it\/OPHELIA\/wp-json\/wp\/v2\/types\/product"}],"replies":[{"embeddable":true,"href":"http:\/\/riccardowebdesign.it\/OPHELIA\/wp-json\/wp\/v2\/comments?post=2375"}],"wp:featuredmedia":[{"embeddable":true,"href":"http:\/\/riccardowebdesign.it\/OPHELIA\/wp-json\/wp\/v2\/media\/2397"}],"wp:attachment":[{"href":"http:\/\/riccardowebdesign.it\/OPHELIA\/wp-json\/wp\/v2\/media?parent=2375"}],"wp:term":[{"taxonomy":"product_brand","embeddable":true,"href":"http:\/\/riccardowebdesign.it\/OPHELIA\/wp-json\/wp\/v2\/product_brand?post=2375"},{"taxonomy":"product_cat","embeddable":true,"href":"http:\/\/riccardowebdesign.it\/OPHELIA\/wp-json\/wp\/v2\/product_cat?post=2375"},{"taxonomy":"product_tag","embeddable":true,"href":"http:\/\/riccardowebdesign.it\/OPHELIA\/wp-json\/wp\/v2\/product_tag?post=2375"}],"curies":[{"name":"wp","href":"https:\/\/api.w.org\/{rel}","templated":true}]}}