{"id":2377,"date":"2025-11-21T17:37:27","date_gmt":"2025-11-21T16:37:27","guid":{"rendered":"http:\/\/riccardowebdesign.it\/OPHELIA\/prodotto\/anello-3\/"},"modified":"2025-12-15T20:11:05","modified_gmt":"2025-12-15T19:11:05","slug":"anello-3","status":"publish","type":"product","link":"http:\/\/riccardowebdesign.it\/OPHELIA\/prodotto\/anello-3\/","title":{"rendered":"Anello in quarzo rosa | rame intrecciato"},"content":{"rendered":"<article class=\"text-token-text-primary w-full focus:outline-none [--shadow-height:45px] has-data-writing-block:pointer-events-none has-data-writing-block:-mt-(--shadow-height) has-data-writing-block:pt-(--shadow-height) [&amp;:has([data-writing-block])&gt;*]:pointer-events-auto [content-visibility:auto] supports-[content-visibility:auto]:[contain-intrinsic-size:auto_100lvh] scroll-mt-[calc(var(--header-height)+min(200px,max(70px,20svh)))]\" dir=\"auto\" tabindex=\"-1\" data-turn-id=\"bccc245a-7517-49cd-b244-988d6016ede8\" data-testid=\"conversation-turn-12\" data-scroll-anchor=\"true\" data-turn=\"assistant\">\n<div class=\"text-base my-auto mx-auto pb-10 [--thread-content-margin:--spacing(4)] thread-sm:[--thread-content-margin:--spacing(6)] thread-lg:[--thread-content-margin:--spacing(16)] px-(--thread-content-margin)\">\n<div class=\"[--thread-content-max-width:40rem] thread-lg:[--thread-content-max-width:48rem] mx-auto max-w-(--thread-content-max-width) flex-1 group\/turn-messages focus-visible:outline-hidden relative flex w-full min-w-0 flex-col agent-turn\" tabindex=\"-1\">\n<div class=\"flex max-w-full flex-col grow\">\n<div class=\"min-h-8 text-message relative flex w-full flex-col items-end gap-2 text-start break-words whitespace-normal [.text-message+&amp;]:mt-1\" dir=\"auto\" data-message-author-role=\"assistant\" data-message-id=\"fed5021b-97ee-4117-b1bd-58ed0b8ce120\" data-message-model-slug=\"gpt-5-1-thinking\">\n<div class=\"flex w-full flex-col gap-1 empty:hidden first:pt-[1px]\">\n<div class=\"markdown prose dark:prose-invert w-full break-words dark markdown-new-styling\">\n<p data-start=\"317\" data-end=\"616\">In questo anello il filo di rame si avvolge pi\u00f9 volte attorno al quarzo rosa, creando una piccola spirale che trattiene la pietra al centro. Il rame, con il suo tono caldo e leggermente anticato, fa risaltare il rosa pallido della sfera, rendendola luminosa ma mai eccessiva.<\/p>\n<p data-start=\"618\" data-end=\"943\">Il quarzo rosa \u00e8 spesso associato alla gentilezza verso s\u00e9 stessi, alla capacit\u00e0 di alleggerire il giudizio e di lasciare spazio a emozioni pi\u00f9 morbide. \u00c8 collegato al chakra del cuore e viene scelto da chi sente il bisogno di alleggerire il petto, di trasformare il \u201cdevo\u201d in qualcosa di pi\u00f9 vicino a \u201cmi prendo cura di me\u201d.<\/p>\n<p data-start=\"945\" data-end=\"1090\">Questo anello unisce la dolcezza della pietra alla forza del rame: una combinazione che parla di sensibilit\u00e0, ma anche di radicamento e presenza.<\/p>\n<hr data-start=\"1092\" data-end=\"1095\" \/>\n<ul data-start=\"1121\" data-end=\"1921\">\n<li data-start=\"1121\" data-end=\"1173\">\n<p data-start=\"1123\" data-end=\"1173\"><strong data-start=\"1123\" data-end=\"1133\">Pietra<\/strong>: quarzo rosa naturale, taglio sferico<\/p>\n<\/li>\n<li data-start=\"1174\" data-end=\"1237\">\n<p data-start=\"1176\" data-end=\"1237\"><strong data-start=\"1176\" data-end=\"1193\">Colore pietra<\/strong>: rosa chiarissimo, lattiginoso e delicato<\/p>\n<\/li>\n<li data-start=\"1238\" data-end=\"1315\">\n<p data-start=\"1240\" data-end=\"1315\"><strong data-start=\"1240\" data-end=\"1251\">Metallo<\/strong>: filo di rame (effetto anticato), lavorato interamente a mano<\/p>\n<\/li>\n<li data-start=\"1316\" data-end=\"1421\">\n<p data-start=\"1318\" data-end=\"1421\"><strong data-start=\"1318\" data-end=\"1329\">Tecnica<\/strong>: wire wrapping artigianale, intrecci compatti e irregolari quanto basta per restare unici<\/p>\n<\/li>\n<li data-start=\"1422\" data-end=\"1502\">\n<p data-start=\"1424\" data-end=\"1502\"><strong data-start=\"1424\" data-end=\"1434\">Misura<\/strong>: 18<\/p>\n<\/li>\n<li data-start=\"1503\" data-end=\"1600\">\n<p data-start=\"1505\" data-end=\"1600\"><strong data-start=\"1505\" data-end=\"1517\">Finitura<\/strong>: superficie confortevole sul dito, con struttura solida nonostante la leggerezza<\/p>\n<\/li>\n<li data-start=\"1601\" data-end=\"1692\">\n<p data-start=\"1603\" data-end=\"1692\"><strong data-start=\"1603\" data-end=\"1612\">Stile<\/strong>: design essenziale con spirale centrale, perfetto da indossare tutti i giorni<\/p>\n<\/li>\n<li data-start=\"1693\" data-end=\"1843\">\n<p data-start=\"1695\" data-end=\"1843\"><strong data-start=\"1695\" data-end=\"1703\">Cura<\/strong>: evitare contatto prolungato con acqua, profumi, creme e prodotti chimici; conservare in luogo asciutto per preservare la patina del rame<\/p>\n<\/li>\n<li data-start=\"1844\" data-end=\"1921\">\n<p data-start=\"1846\" data-end=\"1921\"><strong data-start=\"1846\" data-end=\"1861\">Nichel free<\/strong>: pensato per essere il pi\u00f9 possibile delicato sulla pelle<\/p>\n<\/li>\n<\/ul>\n<hr data-start=\"1923\" data-end=\"1926\" \/>\n<p data-start=\"1928\" data-end=\"2238\" data-is-last-node=\"\" data-is-only-node=\"\"><br data-start=\"1962\" data-end=\"1965\" \/>Ideale per chi sta imparando a trattarsi con pi\u00f9 gentilezza e vuole un simbolo quotidiano che lo ricordi. \u00c8 perfetto per persone sensibili, romantiche nel modo sobrio e concreto, che amano i toni caldi del rame e cercano un anello semplice, leggero, dal significato intimo.<\/p>\n<\/div>\n<\/div>\n<\/div>\n<\/div>\n<div class=\"z-0 flex min-h-[46px] justify-start\"><\/div>\n<div class=\"mt-3 w-full empty:hidden\">\n<div class=\"text-center\"><\/div>\n<\/div>\n<\/div>\n<\/div>\n<\/article>\n<div class=\"pointer-events-none h-px w-px\" aria-hidden=\"true\" data-edge=\"true\"><\/div>\n","protected":false},"excerpt":{"rendered":"<p>Un anello delicato in rame intrecciato che abbraccia una piccola sfera di quarzo rosa. Un dettaglio morbido e discreto, pensato per chi vuole portare con s\u00e9 una nota di dolcezza senza rinunciare al carattere del rame.<\/p>\n","protected":false},"featured_media":2400,"comment_status":"open","ping_status":"closed","template":"","meta":[],"product_brand":[26],"product_cat":[22],"product_tag":[],"class_list":{"0":"post-2377","1":"product","2":"type-product","3":"status-publish","4":"has-post-thumbnail","6":"product_brand-ophelias-gioielli","7":"product_cat-anelli","9":"first","10":"instock","11":"purchasable","12":"product-type-simple"},"aioseo_notices":[],"wcpa_form_fields":null,"_links":{"self":[{"href":"http:\/\/riccardowebdesign.it\/OPHELIA\/wp-json\/wp\/v2\/product\/2377","targetHints":{"allow":["GET"]}}],"collection":[{"href":"http:\/\/riccardowebdesign.it\/OPHELIA\/wp-json\/wp\/v2\/product"}],"about":[{"href":"http:\/\/riccardowebdesign.it\/OPHELIA\/wp-json\/wp\/v2\/types\/product"}],"replies":[{"embeddable":true,"href":"http:\/\/riccardowebdesign.it\/OPHELIA\/wp-json\/wp\/v2\/comments?post=2377"}],"wp:featuredmedia":[{"embeddable":true,"href":"http:\/\/riccardowebdesign.it\/OPHELIA\/wp-json\/wp\/v2\/media\/2400"}],"wp:attachment":[{"href":"http:\/\/riccardowebdesign.it\/OPHELIA\/wp-json\/wp\/v2\/media?parent=2377"}],"wp:term":[{"taxonomy":"product_brand","embeddable":true,"href":"http:\/\/riccardowebdesign.it\/OPHELIA\/wp-json\/wp\/v2\/product_brand?post=2377"},{"taxonomy":"product_cat","embeddable":true,"href":"http:\/\/riccardowebdesign.it\/OPHELIA\/wp-json\/wp\/v2\/product_cat?post=2377"},{"taxonomy":"product_tag","embeddable":true,"href":"http:\/\/riccardowebdesign.it\/OPHELIA\/wp-json\/wp\/v2\/product_tag?post=2377"}],"curies":[{"name":"wp","href":"https:\/\/api.w.org\/{rel}","templated":true}]}}