{"id":2437,"date":"2025-11-21T19:46:32","date_gmt":"2025-11-21T18:46:32","guid":{"rendered":"http:\/\/riccardowebdesign.it\/OPHELIA\/prodotto\/anello-14\/"},"modified":"2025-12-15T20:04:22","modified_gmt":"2025-12-15T19:04:22","slug":"anello-14","status":"publish","type":"product","link":"http:\/\/riccardowebdesign.it\/OPHELIA\/prodotto\/anello-14\/","title":{"rendered":"Anello in agata Botswana"},"content":{"rendered":"<article class=\"text-token-text-primary w-full focus:outline-none [--shadow-height:45px] has-data-writing-block:pointer-events-none has-data-writing-block:-mt-(--shadow-height) has-data-writing-block:pt-(--shadow-height) [&amp;:has([data-writing-block])&gt;*]:pointer-events-auto [content-visibility:auto] supports-[content-visibility:auto]:[contain-intrinsic-size:auto_100lvh] scroll-mt-[calc(var(--header-height)+min(200px,max(70px,20svh)))]\" dir=\"auto\" tabindex=\"-1\" data-turn-id=\"9b152ea9-ff42-4156-a46c-8faf723b5d34\" data-testid=\"conversation-turn-34\" data-scroll-anchor=\"true\" data-turn=\"assistant\">\n<div class=\"text-base my-auto mx-auto pb-10 [--thread-content-margin:--spacing(4)] thread-sm:[--thread-content-margin:--spacing(6)] thread-lg:[--thread-content-margin:--spacing(16)] px-(--thread-content-margin)\">\n<div class=\"[--thread-content-max-width:40rem] thread-lg:[--thread-content-max-width:48rem] mx-auto max-w-(--thread-content-max-width) flex-1 group\/turn-messages focus-visible:outline-hidden relative flex w-full min-w-0 flex-col agent-turn\" tabindex=\"-1\">\n<div class=\"flex max-w-full flex-col grow\">\n<div class=\"min-h-8 text-message relative flex w-full flex-col items-end gap-2 text-start break-words whitespace-normal [.text-message+&amp;]:mt-1\" dir=\"auto\" data-message-author-role=\"assistant\" data-message-id=\"a7faeaf4-fced-4a32-abe8-359c76dd94e8\" data-message-model-slug=\"gpt-5-1-thinking\">\n<div class=\"flex w-full flex-col gap-1 empty:hidden first:pt-[1px]\">\n<div class=\"markdown prose dark:prose-invert w-full break-words dark markdown-new-styling\">\n<p data-start=\"332\" data-end=\"681\">Questo anello \u00e8 realizzato con pi\u00f9 fili color argento che si avvolgono attorno alla pietra centrale, creando una montatura morbida e strutturata allo stesso tempo. La sfera di agata Botswana mostra le sue tipiche bande chiare e regolari, con sfumature che vanno dal beige caldo al grigio soft, come piccole onde pietrificate.<\/p>\n<p data-start=\"683\" data-end=\"1100\">L\u2019agata Botswana \u00e8 spesso associata alla stabilit\u00e0 emotiva e alla capacit\u00e0 di fare chiarezza quando tutto sembra un po\u2019 troppo. Non \u00e8 una pietra \u201crumorosa\u201d: lavora per sottrazione, aiutando a mettere in fila i pensieri e a vedere le cose con pi\u00f9 distacco e lucidit\u00e0. Il design dell\u2019anello segue questa stessa linea: linee intrecciate ma ordinate, nessun eccesso, solo la pietra al centro e il metallo che la sostiene.<\/p>\n<p data-start=\"1102\" data-end=\"1261\">\u00c8 un anello pensato per essere indossato davvero tutti i giorni: i colori neutri si abbinano facilmente a qualsiasi outfit, dal pi\u00f9 minimal al pi\u00f9 strutturato.<\/p>\n<hr data-start=\"1263\" data-end=\"1266\" \/>\n<ul data-start=\"1292\" data-end=\"2175\">\n<li data-start=\"1292\" data-end=\"1356\">\n<p data-start=\"1294\" data-end=\"1356\"><strong data-start=\"1294\" data-end=\"1304\">Pietra<\/strong>: agata Botswana naturale, taglio cabochon sferico<\/p>\n<\/li>\n<li data-start=\"1357\" data-end=\"1430\">\n<p data-start=\"1359\" data-end=\"1430\"><strong data-start=\"1359\" data-end=\"1376\">Colore pietra<\/strong>: tortora, beige e grigio con bande interne regolari<\/p>\n<\/li>\n<li data-start=\"1431\" data-end=\"1518\">\n<p data-start=\"1433\" data-end=\"1518\"><strong data-start=\"1433\" data-end=\"1444\">Metallo<\/strong>: filo di rame color argento, modellato e intrecciato interamente a mano<\/p>\n<\/li>\n<li data-start=\"1519\" data-end=\"1603\">\n<p data-start=\"1521\" data-end=\"1603\"><strong data-start=\"1521\" data-end=\"1531\">Design<\/strong>: montatura avvolgente con intreccio frontale che incornicia la pietra<\/p>\n<\/li>\n<li data-start=\"1604\" data-end=\"1694\">\n<p data-start=\"1606\" data-end=\"1694\"><strong data-start=\"1606\" data-end=\"1617\">Tecnica<\/strong>: wire wrapping artigianale, ogni anello presenta piccole variazioni uniche<\/p>\n<\/li>\n<li data-start=\"1695\" data-end=\"1793\">\n<p data-start=\"1697\" data-end=\"1793\"><strong data-start=\"1697\" data-end=\"1707\">Misura<\/strong>:<\/p>\n<\/li>\n<li data-start=\"1695\" data-end=\"1793\">\n<p data-start=\"1697\" data-end=\"1793\"><strong data-start=\"1796\" data-end=\"1808\">Finitura<\/strong>: superficie liscia e confortevole sul dito, intrecci compatti e stabili<\/p>\n<\/li>\n<li data-start=\"1883\" data-end=\"1962\">\n<p data-start=\"1885\" data-end=\"1962\"><strong data-start=\"1885\" data-end=\"1894\">Stile<\/strong>: essenziale e raffinato, con palette neutra facilmente abbinabile<\/p>\n<\/li>\n<li data-start=\"1963\" data-end=\"2097\">\n<p data-start=\"1965\" data-end=\"2097\"><strong data-start=\"1965\" data-end=\"1973\">Cura<\/strong>: evitare contatto prolungato con acqua, profumi, creme e prodotti chimici; riporre in luogo asciutto quando non indossato<\/p>\n<\/li>\n<li data-start=\"2098\" data-end=\"2175\">\n<p data-start=\"2100\" data-end=\"2175\"><strong data-start=\"2100\" data-end=\"2115\">Nichel free<\/strong>: pensato per essere il pi\u00f9 possibile delicato sulla pelle<\/p>\n<\/li>\n<\/ul>\n<hr data-start=\"2177\" data-end=\"2180\" \/>\n<p data-start=\"2182\" data-end=\"2529\" data-is-last-node=\"\" data-is-only-node=\"\"><br data-start=\"2216\" data-end=\"2219\" \/>Perfetto per chi vive giornate piene e desidera un gioiello che dia una sensazione di ordine e centratura, senza colori troppo accesi. \u00c8 ideale per chi ama i toni neutri, lo stile pulito e cerca un anello quotidiano che stia bene con tutto, ma racconti comunque qualcosa di personale a chi lo guarda da vicino.<\/p>\n<\/div>\n<\/div>\n<\/div>\n<\/div>\n<div class=\"z-0 flex min-h-[46px] justify-start\"><\/div>\n<div class=\"mt-3 w-full empty:hidden\">\n<div class=\"text-center\"><\/div>\n<\/div>\n<\/div>\n<\/div>\n<\/article>\n<div class=\"pointer-events-none h-px w-px\" aria-hidden=\"true\" data-edge=\"true\"><\/div>\n","protected":false},"excerpt":{"rendered":"<p data-start=\"82\" data-end=\"325\">Un anello in filo argento intrecciato che abbraccia una sfera di agata Botswana dai toni tortora e grigio chiaro. Un dettaglio elegante e neutro, perfetto per chi vuole un gioiello discreto che trasmetta ordine e calma.<\/p>\n","protected":false},"featured_media":2464,"comment_status":"open","ping_status":"closed","template":"","meta":[],"product_brand":[26],"product_cat":[22],"product_tag":[],"class_list":{"0":"post-2437","1":"product","2":"type-product","3":"status-publish","4":"has-post-thumbnail","6":"product_brand-ophelias-gioielli","7":"product_cat-anelli","9":"first","10":"outofstock","11":"purchasable","12":"product-type-simple"},"aioseo_notices":[],"wcpa_form_fields":null,"_links":{"self":[{"href":"http:\/\/riccardowebdesign.it\/OPHELIA\/wp-json\/wp\/v2\/product\/2437","targetHints":{"allow":["GET"]}}],"collection":[{"href":"http:\/\/riccardowebdesign.it\/OPHELIA\/wp-json\/wp\/v2\/product"}],"about":[{"href":"http:\/\/riccardowebdesign.it\/OPHELIA\/wp-json\/wp\/v2\/types\/product"}],"replies":[{"embeddable":true,"href":"http:\/\/riccardowebdesign.it\/OPHELIA\/wp-json\/wp\/v2\/comments?post=2437"}],"wp:featuredmedia":[{"embeddable":true,"href":"http:\/\/riccardowebdesign.it\/OPHELIA\/wp-json\/wp\/v2\/media\/2464"}],"wp:attachment":[{"href":"http:\/\/riccardowebdesign.it\/OPHELIA\/wp-json\/wp\/v2\/media?parent=2437"}],"wp:term":[{"taxonomy":"product_brand","embeddable":true,"href":"http:\/\/riccardowebdesign.it\/OPHELIA\/wp-json\/wp\/v2\/product_brand?post=2437"},{"taxonomy":"product_cat","embeddable":true,"href":"http:\/\/riccardowebdesign.it\/OPHELIA\/wp-json\/wp\/v2\/product_cat?post=2437"},{"taxonomy":"product_tag","embeddable":true,"href":"http:\/\/riccardowebdesign.it\/OPHELIA\/wp-json\/wp\/v2\/product_tag?post=2437"}],"curies":[{"name":"wp","href":"https:\/\/api.w.org\/{rel}","templated":true}]}}