{"id":2439,"date":"2025-11-21T19:54:21","date_gmt":"2025-11-21T18:54:21","guid":{"rendered":"http:\/\/riccardowebdesign.it\/OPHELIA\/prodotto\/anello-15\/"},"modified":"2025-12-15T20:04:08","modified_gmt":"2025-12-15T19:04:08","slug":"anello-15","status":"publish","type":"product","link":"http:\/\/riccardowebdesign.it\/OPHELIA\/prodotto\/anello-15\/","title":{"rendered":"Anello in granato, ametista e quarzo ialino | spirale in rame placcato argento 925"},"content":{"rendered":"<article class=\"text-token-text-primary w-full focus:outline-none [--shadow-height:45px] has-data-writing-block:pointer-events-none has-data-writing-block:-mt-(--shadow-height) has-data-writing-block:pt-(--shadow-height) [&amp;:has([data-writing-block])&gt;*]:pointer-events-auto [content-visibility:auto] supports-[content-visibility:auto]:[contain-intrinsic-size:auto_100lvh] scroll-mt-[calc(var(--header-height)+min(200px,max(70px,20svh)))]\" dir=\"auto\" tabindex=\"-1\" data-turn-id=\"7028fcad-4c5f-4570-b11c-bd0f25a1b5c1\" data-testid=\"conversation-turn-36\" data-scroll-anchor=\"true\" data-turn=\"assistant\">\n<div class=\"text-base my-auto mx-auto pb-10 [--thread-content-margin:--spacing(4)] thread-sm:[--thread-content-margin:--spacing(6)] thread-lg:[--thread-content-margin:--spacing(16)] px-(--thread-content-margin)\">\n<div class=\"[--thread-content-max-width:40rem] thread-lg:[--thread-content-max-width:48rem] mx-auto max-w-(--thread-content-max-width) flex-1 group\/turn-messages focus-visible:outline-hidden relative flex w-full min-w-0 flex-col agent-turn\" tabindex=\"-1\">\n<div class=\"flex max-w-full flex-col grow\">\n<div class=\"min-h-8 text-message relative flex w-full flex-col items-end gap-2 text-start break-words whitespace-normal [.text-message+&amp;]:mt-1\" dir=\"auto\" data-message-author-role=\"assistant\" data-message-id=\"1eee8da3-84ad-418c-b14a-29997da556b4\" data-message-model-slug=\"gpt-5-1-thinking\">\n<div class=\"flex w-full flex-col gap-1 empty:hidden first:pt-[1px]\">\n<div class=\"markdown prose dark:prose-invert w-full break-words dark markdown-new-styling\">\n<p data-start=\"364\" data-end=\"683\">Questo anello nasce da un filo di rame placcato argento 925 modellato in una spirale aperta che avvolge il dito con linee morbide. Sulla curva frontale sono fissate tre pietre naturali sfaccettate: il rosso intenso del granato, il viola profondo dell\u2019ametista e la trasparenza del quarzo ialino.<\/p>\n<p data-start=\"685\" data-end=\"976\">Il granato porta una nota pi\u00f9 terrena e decisa, l\u2019ametista introduce quiete e introspezione, mentre il quarzo ialino agisce come punto luce neutro che mette in risalto gli altri colori. Insieme creano una piccola sequenza di sfumature che si muove con la mano, senza risultare mai eccessiva.<\/p>\n<p data-start=\"978\" data-end=\"1180\">Il design aperto e regolabile rende l\u2019anello leggero e confortevole: la spirale richiama movimento, crescita, un percorso personale che non procede mai in linea retta ma per curve e deviazioni naturali.<\/p>\n<hr data-start=\"1182\" data-end=\"1185\" \/>\n<ul data-start=\"1211\" data-end=\"2182\">\n<li data-start=\"1211\" data-end=\"1383\">\n<p data-start=\"1213\" data-end=\"1226\"><strong data-start=\"1213\" data-end=\"1223\">Pietre<\/strong>:<\/p>\n<ul data-start=\"1229\" data-end=\"1383\">\n<li data-start=\"1229\" data-end=\"1276\">\n<p data-start=\"1231\" data-end=\"1276\">granato naturale, piccola sfera sfaccettata<\/p>\n<\/li>\n<li data-start=\"1279\" data-end=\"1327\">\n<p data-start=\"1281\" data-end=\"1327\">ametista naturale, piccola sfera sfaccettata<\/p>\n<\/li>\n<li data-start=\"1330\" data-end=\"1383\">\n<p data-start=\"1332\" data-end=\"1383\">quarzo ialino naturale, piccola sfera sfaccettata<\/p>\n<\/li>\n<\/ul>\n<\/li>\n<li data-start=\"1384\" data-end=\"1454\">\n<p data-start=\"1386\" data-end=\"1454\"><strong data-start=\"1386\" data-end=\"1396\">Colori<\/strong>: rosso profondo, viola intenso, trasparente cristallino<\/p>\n<\/li>\n<li data-start=\"1455\" data-end=\"1537\">\n<p data-start=\"1457\" data-end=\"1537\"><strong data-start=\"1457\" data-end=\"1468\">Metallo<\/strong>: rame placcato argento 925, modellato e avvolto interamente a mano<\/p>\n<\/li>\n<li data-start=\"1538\" data-end=\"1622\">\n<p data-start=\"1540\" data-end=\"1622\"><strong data-start=\"1540\" data-end=\"1550\">Design<\/strong>: anello a spirale aperta con tre gemme allineate sulla curva frontale<\/p>\n<\/li>\n<li data-start=\"1623\" data-end=\"1722\">\n<p data-start=\"1625\" data-end=\"1722\"><strong data-start=\"1625\" data-end=\"1636\">Tecnica<\/strong>: wire wrapping artigianale, con micro-avvolgimenti che fissano saldamente le pietre<\/p>\n<\/li>\n<li data-start=\"1723\" data-end=\"1799\">\n<p data-start=\"1725\" data-end=\"1799\"><strong data-start=\"1725\" data-end=\"1735\">Misura<\/strong>: regolabile<\/p>\n<\/li>\n<li data-start=\"1723\" data-end=\"1799\"><strong data-start=\"2107\" data-end=\"2122\">Nichel free<\/strong>: privo di nichel, pensato per essere delicato sulla pelle<\/li>\n<\/ul>\n<hr data-start=\"2184\" data-end=\"2187\" \/>\n<p data-start=\"2189\" data-end=\"2561\" data-is-last-node=\"\" data-is-only-node=\"\"><br data-start=\"2223\" data-end=\"2226\" \/>Perfetto per chi ama i gioielli sottili ma pieni di dettagli, e sente affinit\u00e0 con i toni rossi, viola e cristallo. \u00c8 pensato per persone che vivono giornate intense e vogliono un anello che le accompagni tra concentrazione, creativit\u00e0 e chiarezza, senza rubare la scena ma aggiungendo un tocco di luce ogni volta che la mano si muove.<\/p>\n<\/div>\n<\/div>\n<\/div>\n<\/div>\n<div class=\"z-0 flex min-h-[46px] justify-start\"><\/div>\n<div class=\"mt-3 w-full empty:hidden\">\n<div class=\"text-center\"><\/div>\n<\/div>\n<\/div>\n<\/div>\n<\/article>\n<div class=\"pointer-events-none h-px w-px\" aria-hidden=\"true\" data-edge=\"true\"><\/div>\n","protected":false},"excerpt":{"rendered":"<p>Un anello a spirale in rame placcato argento 925 che accoglie tre piccole gemme: granato, ametista e quarzo ialino. Un dettaglio luminoso e leggero che unisce profondit\u00e0, intuizione e chiarezza in un solo gesto sul dito.<\/p>\n","protected":false},"featured_media":2469,"comment_status":"open","ping_status":"closed","template":"","meta":[],"product_brand":[26],"product_cat":[22],"product_tag":[],"class_list":{"0":"post-2439","1":"product","2":"type-product","3":"status-publish","4":"has-post-thumbnail","6":"product_brand-ophelias-gioielli","7":"product_cat-anelli","9":"first","10":"instock","11":"purchasable","12":"product-type-simple"},"aioseo_notices":[],"wcpa_form_fields":null,"_links":{"self":[{"href":"http:\/\/riccardowebdesign.it\/OPHELIA\/wp-json\/wp\/v2\/product\/2439","targetHints":{"allow":["GET"]}}],"collection":[{"href":"http:\/\/riccardowebdesign.it\/OPHELIA\/wp-json\/wp\/v2\/product"}],"about":[{"href":"http:\/\/riccardowebdesign.it\/OPHELIA\/wp-json\/wp\/v2\/types\/product"}],"replies":[{"embeddable":true,"href":"http:\/\/riccardowebdesign.it\/OPHELIA\/wp-json\/wp\/v2\/comments?post=2439"}],"wp:featuredmedia":[{"embeddable":true,"href":"http:\/\/riccardowebdesign.it\/OPHELIA\/wp-json\/wp\/v2\/media\/2469"}],"wp:attachment":[{"href":"http:\/\/riccardowebdesign.it\/OPHELIA\/wp-json\/wp\/v2\/media?parent=2439"}],"wp:term":[{"taxonomy":"product_brand","embeddable":true,"href":"http:\/\/riccardowebdesign.it\/OPHELIA\/wp-json\/wp\/v2\/product_brand?post=2439"},{"taxonomy":"product_cat","embeddable":true,"href":"http:\/\/riccardowebdesign.it\/OPHELIA\/wp-json\/wp\/v2\/product_cat?post=2439"},{"taxonomy":"product_tag","embeddable":true,"href":"http:\/\/riccardowebdesign.it\/OPHELIA\/wp-json\/wp\/v2\/product_tag?post=2439"}],"curies":[{"name":"wp","href":"https:\/\/api.w.org\/{rel}","templated":true}]}}