{"id":2441,"date":"2025-11-21T19:55:45","date_gmt":"2025-11-21T18:55:45","guid":{"rendered":"http:\/\/riccardowebdesign.it\/OPHELIA\/prodotto\/anello-16\/"},"modified":"2025-12-15T20:03:35","modified_gmt":"2025-12-15T19:03:35","slug":"anello-16","status":"publish","type":"product","link":"http:\/\/riccardowebdesign.it\/OPHELIA\/prodotto\/anello-16\/","title":{"rendered":"Anello doppia spirale in alluminio | regolabile e anallergico"},"content":{"rendered":"<article class=\"text-token-text-primary w-full focus:outline-none [--shadow-height:45px] has-data-writing-block:pointer-events-none has-data-writing-block:-mt-(--shadow-height) has-data-writing-block:pt-(--shadow-height) [&amp;:has([data-writing-block])&gt;*]:pointer-events-auto [content-visibility:auto] supports-[content-visibility:auto]:[contain-intrinsic-size:auto_100lvh] scroll-mt-[calc(var(--header-height)+min(200px,max(70px,20svh)))]\" dir=\"auto\" tabindex=\"-1\" data-turn-id=\"f54d585f-fa61-4fb0-b563-979a1e8191ab\" data-testid=\"conversation-turn-38\" data-scroll-anchor=\"true\" data-turn=\"assistant\">\n<div class=\"text-base my-auto mx-auto pb-10 [--thread-content-margin:--spacing(4)] thread-sm:[--thread-content-margin:--spacing(6)] thread-lg:[--thread-content-margin:--spacing(16)] px-(--thread-content-margin)\">\n<div class=\"[--thread-content-max-width:40rem] thread-lg:[--thread-content-max-width:48rem] mx-auto max-w-(--thread-content-max-width) flex-1 group\/turn-messages focus-visible:outline-hidden relative flex w-full min-w-0 flex-col agent-turn\" tabindex=\"-1\">\n<div class=\"flex max-w-full flex-col grow\">\n<div class=\"min-h-8 text-message relative flex w-full flex-col items-end gap-2 text-start break-words whitespace-normal [.text-message+&amp;]:mt-1\" dir=\"auto\" data-message-author-role=\"assistant\" data-message-id=\"04e3d32a-cdba-45b0-9c59-4c6f96a43456\" data-message-model-slug=\"gpt-5-1-thinking\">\n<div class=\"flex w-full flex-col gap-1 empty:hidden first:pt-[1px]\">\n<div class=\"markdown prose dark:prose-invert w-full break-words dark markdown-new-styling\">\n<p data-start=\"346\" data-end=\"698\">Questo anello nasce da un\u2019unica striscia di alluminio lavorata a mano, appiattita e martellata per creare due spirali che si richiamano l\u2019una con l\u2019altra sulla parte frontale. La finitura satinata gli dona un aspetto morbido e moderno, con piccoli riflessi che seguono il movimento della mano senza essere eccessivamente lucidi.<\/p>\n<p data-start=\"700\" data-end=\"1012\">L\u2019alluminio inossidabile \u00e8 naturalmente leggero, non scurisce come altri metalli e risulta particolarmente adatto a chi ha la pelle sensibile o non tollera il rame e le leghe comuni. La forma aperta permette un piccolo margine di regolazione, cos\u00ec l\u2019anello si adatta meglio al dito e pu\u00f2 accompagnarti nel tempo.<\/p>\n<p data-start=\"1014\" data-end=\"1126\">Il design a doppia spirale ha una presenza grafica forte ma essenziale: niente pietre, solo metallo e movimento.<\/p>\n<hr data-start=\"1128\" data-end=\"1131\" \/>\n<ul data-start=\"1157\" data-end=\"1916\">\n<li data-start=\"1157\" data-end=\"1210\">\n<p data-start=\"1159\" data-end=\"1210\"><strong data-start=\"1159\" data-end=\"1172\">Materiale<\/strong>: alluminio inossidabile anallergico<\/p>\n<\/li>\n<li data-start=\"1211\" data-end=\"1275\">\n<p data-start=\"1213\" data-end=\"1275\"><strong data-start=\"1213\" data-end=\"1223\">Colore<\/strong>: argento satinato, con leggera texture martellata<\/p>\n<\/li>\n<li data-start=\"1276\" data-end=\"1333\">\n<p data-start=\"1278\" data-end=\"1333\"><strong data-start=\"1278\" data-end=\"1288\">Design<\/strong>: anello aperto con doppia spirale frontale<\/p>\n<\/li>\n<li data-start=\"1334\" data-end=\"1404\">\n<p data-start=\"1336\" data-end=\"1404\"><strong data-start=\"1336\" data-end=\"1347\">Tecnica<\/strong>: taglio, martellatura e modellatura interamente a mano<\/p>\n<\/li>\n<li data-start=\"1405\" data-end=\"1476\">\n<p data-start=\"1407\" data-end=\"1476\"><strong data-start=\"1407\" data-end=\"1417\">Misura<\/strong>: regolabile<\/p>\n<\/li>\n<li data-start=\"1405\" data-end=\"1476\">\n<p data-start=\"1407\" data-end=\"1476\"><strong data-start=\"1479\" data-end=\"1487\">Peso<\/strong>: estremamente leggero, ideale per uso quotidiano prolungato<\/p>\n<\/li>\n<li data-start=\"1838\" data-end=\"1916\">\n<p data-start=\"1840\" data-end=\"1916\"><strong data-start=\"1840\" data-end=\"1855\">Nichel free<\/strong>: privo di nichel, indicato anche per pelli molto sensibili<\/p>\n<\/li>\n<\/ul>\n<hr data-start=\"1918\" data-end=\"1921\" \/>\n<p data-start=\"1923\" data-end=\"2241\" data-is-last-node=\"\" data-is-only-node=\"\"><br data-start=\"1957\" data-end=\"1960\" \/>Perfetto per chi cerca un anello leggero, regolabile e senza pietre, da tenere sempre addosso senza pensieri. \u00c8 pensato per chi ama linee semplici ma con personalit\u00e0, per chi vuole un dettaglio grafico sul dito che stia bene con tutto: dal quotidiano pi\u00f9 casual ai look pi\u00f9 curati.<\/p>\n<\/div>\n<\/div>\n<\/div>\n<\/div>\n<div class=\"z-0 flex min-h-[46px] justify-start\"><\/div>\n<div class=\"mt-3 w-full empty:hidden\">\n<div class=\"text-center\"><\/div>\n<\/div>\n<\/div>\n<\/div>\n<\/article>\n<div class=\"pointer-events-none h-px w-px\" aria-hidden=\"true\" data-edge=\"true\"><\/div>\n","protected":false},"excerpt":{"rendered":"<p data-start=\"92\" data-end=\"339\">Un anello in alluminio inossidabile e anallergico, modellato a mano in una doppia spirale che avvolge il dito. Linee pulite, texture leggermente martellata e una leggerezza che lo rende perfetto da indossare tutti i giorni.<\/p>\n","protected":false},"featured_media":2471,"comment_status":"open","ping_status":"closed","template":"","meta":[],"product_brand":[26],"product_cat":[22],"product_tag":[],"class_list":{"0":"post-2441","1":"product","2":"type-product","3":"status-publish","4":"has-post-thumbnail","6":"product_brand-ophelias-gioielli","7":"product_cat-anelli","9":"first","10":"instock","11":"purchasable","12":"product-type-simple"},"aioseo_notices":[],"wcpa_form_fields":null,"_links":{"self":[{"href":"http:\/\/riccardowebdesign.it\/OPHELIA\/wp-json\/wp\/v2\/product\/2441","targetHints":{"allow":["GET"]}}],"collection":[{"href":"http:\/\/riccardowebdesign.it\/OPHELIA\/wp-json\/wp\/v2\/product"}],"about":[{"href":"http:\/\/riccardowebdesign.it\/OPHELIA\/wp-json\/wp\/v2\/types\/product"}],"replies":[{"embeddable":true,"href":"http:\/\/riccardowebdesign.it\/OPHELIA\/wp-json\/wp\/v2\/comments?post=2441"}],"wp:featuredmedia":[{"embeddable":true,"href":"http:\/\/riccardowebdesign.it\/OPHELIA\/wp-json\/wp\/v2\/media\/2471"}],"wp:attachment":[{"href":"http:\/\/riccardowebdesign.it\/OPHELIA\/wp-json\/wp\/v2\/media?parent=2441"}],"wp:term":[{"taxonomy":"product_brand","embeddable":true,"href":"http:\/\/riccardowebdesign.it\/OPHELIA\/wp-json\/wp\/v2\/product_brand?post=2441"},{"taxonomy":"product_cat","embeddable":true,"href":"http:\/\/riccardowebdesign.it\/OPHELIA\/wp-json\/wp\/v2\/product_cat?post=2441"},{"taxonomy":"product_tag","embeddable":true,"href":"http:\/\/riccardowebdesign.it\/OPHELIA\/wp-json\/wp\/v2\/product_tag?post=2441"}],"curies":[{"name":"wp","href":"https:\/\/api.w.org\/{rel}","templated":true}]}}