{"id":2449,"date":"2025-11-21T20:21:01","date_gmt":"2025-11-21T19:21:01","guid":{"rendered":"http:\/\/riccardowebdesign.it\/OPHELIA\/prodotto\/anello-20\/"},"modified":"2025-12-15T20:02:11","modified_gmt":"2025-12-15T19:02:11","slug":"anello-20","status":"publish","type":"product","link":"http:\/\/riccardowebdesign.it\/OPHELIA\/prodotto\/anello-20\/","title":{"rendered":"Anello in quarzo rosa | intreccio in rame anticato"},"content":{"rendered":"<article class=\"text-token-text-primary w-full focus:outline-none [--shadow-height:45px] has-data-writing-block:pointer-events-none has-data-writing-block:-mt-(--shadow-height) has-data-writing-block:pt-(--shadow-height) [&amp;:has([data-writing-block])&gt;*]:pointer-events-auto [content-visibility:auto] supports-[content-visibility:auto]:[contain-intrinsic-size:auto_100lvh] scroll-mt-[calc(var(--header-height)+min(200px,max(70px,20svh)))]\" dir=\"auto\" tabindex=\"-1\" data-turn-id=\"85968f31-2839-405f-b074-3af259c68437\" data-testid=\"conversation-turn-46\" data-scroll-anchor=\"true\" data-turn=\"assistant\">\n<div class=\"text-base my-auto mx-auto pb-10 [--thread-content-margin:--spacing(4)] thread-sm:[--thread-content-margin:--spacing(6)] thread-lg:[--thread-content-margin:--spacing(16)] px-(--thread-content-margin)\">\n<div class=\"[--thread-content-max-width:40rem] thread-lg:[--thread-content-max-width:48rem] mx-auto max-w-(--thread-content-max-width) flex-1 group\/turn-messages focus-visible:outline-hidden relative flex w-full min-w-0 flex-col agent-turn\" tabindex=\"-1\">\n<div class=\"flex max-w-full flex-col grow\">\n<div class=\"min-h-8 text-message relative flex w-full flex-col items-end gap-2 text-start break-words whitespace-normal [.text-message+&amp;]:mt-1\" dir=\"auto\" data-message-author-role=\"assistant\" data-message-id=\"9cae974f-1cb9-4b0e-9b8a-750fd62c1030\" data-message-model-slug=\"gpt-5-1-thinking\">\n<div class=\"flex w-full flex-col gap-1 empty:hidden first:pt-[1px]\">\n<div class=\"markdown prose dark:prose-invert w-full break-words dark markdown-new-styling\">\n<p data-start=\"329\" data-end=\"628\">Questo anello nasce da pi\u00f9 fili di rame anticato che si intrecciano in una fascia compatta, avvolgendosi a spirale lungo il dito. Il filo liscio emerge dall\u2019intreccio per terminare in una piccola curva che sorregge una sfera di quarzo rosa, morbida e luminosa, quasi sospesa.<\/p>\n<p data-start=\"630\" data-end=\"987\">Il contrasto tra il metallo caldo e la pietra chiara crea un equilibrio particolare: il rame porta con s\u00e9 una sensazione di terra, calore, presenza; il quarzo rosa aggiunge una nota gentile, leggera, legata alla cura di s\u00e9 e alle emozioni pi\u00f9 morbide. L\u2019intreccio fitto rende il design ricco di dettagli, ma l\u2019insieme resta armonico e portabile ogni giorno.<\/p>\n<p data-start=\"989\" data-end=\"1127\">\u00c8 un anello che non passa inosservato da vicino, ma rimane discreto nella visione d\u2019insieme: un piccolo talismano da tenere sempre con s\u00e9.<\/p>\n<hr data-start=\"1129\" data-end=\"1132\" \/>\n<ul data-start=\"1158\" data-end=\"2030\">\n<li data-start=\"1158\" data-end=\"1208\">\n<p data-start=\"1160\" data-end=\"1208\"><strong data-start=\"1160\" data-end=\"1170\">Pietra<\/strong>: quarzo rosa naturale, sfera liscia<\/p>\n<\/li>\n<li data-start=\"1209\" data-end=\"1272\">\n<p data-start=\"1211\" data-end=\"1272\"><strong data-start=\"1211\" data-end=\"1228\">Colore pietra<\/strong>: rosa chiarissimo, lattiginoso e delicato<\/p>\n<\/li>\n<li data-start=\"1273\" data-end=\"1355\">\n<p data-start=\"1275\" data-end=\"1355\"><strong data-start=\"1275\" data-end=\"1286\">Metallo<\/strong>: filo di rame anticato, intrecciato e modellato interamente a mano<\/p>\n<\/li>\n<li data-start=\"1356\" data-end=\"1455\">\n<p data-start=\"1358\" data-end=\"1455\"><strong data-start=\"1358\" data-end=\"1368\">Design<\/strong>: anello a spirale aperta con fascia intrecciata e pietra posizionata su un\u2019estremit\u00e0<\/p>\n<\/li>\n<li data-start=\"1456\" data-end=\"1531\">\n<p data-start=\"1458\" data-end=\"1531\"><strong data-start=\"1458\" data-end=\"1469\">Tecnica<\/strong>: wire wrapping artigianale con intreccio fitto sulla fascia<\/p>\n<\/li>\n<li data-start=\"1532\" data-end=\"1608\">\n<p data-start=\"1534\" data-end=\"1608\"><strong data-start=\"1534\" data-end=\"1544\">Misura<\/strong>: regolabile<\/p>\n<\/li>\n<li data-start=\"1609\" data-end=\"1688\">\n<p data-start=\"1611\" data-end=\"1688\"><strong data-start=\"1611\" data-end=\"1623\">Finitura<\/strong>: struttura solida ma leggera, superficie confortevole sul dito<\/p>\n<\/li>\n<li data-start=\"1936\" data-end=\"2030\">\n<p data-start=\"1938\" data-end=\"2030\"><strong data-start=\"1938\" data-end=\"1953\">Nichel free<\/strong>: privo di nichel, pensato per essere il pi\u00f9 possibile delicato sulla pelle<\/p>\n<\/li>\n<\/ul>\n<hr data-start=\"2032\" data-end=\"2035\" \/>\n<p data-start=\"2037\" data-end=\"2349\" data-is-last-node=\"\" data-is-only-node=\"\"><br data-start=\"2071\" data-end=\"2074\" \/>Ideale per chi sta imparando a mettere s\u00e9 stesso al centro senza sentirsi egoista, e vuole un simbolo discreto di questa scelta. Perfetto per persone sensibili che amano i toni caldi del rame e desiderano un anello regolabile, comodo e significativo da indossare ogni giorno.<\/p>\n<\/div>\n<\/div>\n<\/div>\n<\/div>\n<div class=\"z-0 flex min-h-[46px] justify-start\"><\/div>\n<div class=\"mt-3 w-full empty:hidden\">\n<div class=\"text-center\"><\/div>\n<\/div>\n<\/div>\n<\/div>\n<\/article>\n<div class=\"pointer-events-none h-px w-px\" aria-hidden=\"true\" data-edge=\"true\"><\/div>\n","protected":false},"excerpt":{"rendered":"<p>Un anello a spirale in rame anticato, lavorato con intreccio fitto e rifinito da una sfera liscia di quarzo rosa. Un dettaglio caldo e delicato, pensato per portare sul dito una nota di dolcezza e radicamento insieme.<\/p>\n","protected":false},"featured_media":2485,"comment_status":"open","ping_status":"closed","template":"","meta":[],"product_brand":[26],"product_cat":[22],"product_tag":[],"class_list":{"0":"post-2449","1":"product","2":"type-product","3":"status-publish","4":"has-post-thumbnail","6":"product_brand-ophelias-gioielli","7":"product_cat-anelli","9":"first","10":"instock","11":"purchasable","12":"product-type-simple"},"aioseo_notices":[],"wcpa_form_fields":null,"_links":{"self":[{"href":"http:\/\/riccardowebdesign.it\/OPHELIA\/wp-json\/wp\/v2\/product\/2449","targetHints":{"allow":["GET"]}}],"collection":[{"href":"http:\/\/riccardowebdesign.it\/OPHELIA\/wp-json\/wp\/v2\/product"}],"about":[{"href":"http:\/\/riccardowebdesign.it\/OPHELIA\/wp-json\/wp\/v2\/types\/product"}],"replies":[{"embeddable":true,"href":"http:\/\/riccardowebdesign.it\/OPHELIA\/wp-json\/wp\/v2\/comments?post=2449"}],"wp:featuredmedia":[{"embeddable":true,"href":"http:\/\/riccardowebdesign.it\/OPHELIA\/wp-json\/wp\/v2\/media\/2485"}],"wp:attachment":[{"href":"http:\/\/riccardowebdesign.it\/OPHELIA\/wp-json\/wp\/v2\/media?parent=2449"}],"wp:term":[{"taxonomy":"product_brand","embeddable":true,"href":"http:\/\/riccardowebdesign.it\/OPHELIA\/wp-json\/wp\/v2\/product_brand?post=2449"},{"taxonomy":"product_cat","embeddable":true,"href":"http:\/\/riccardowebdesign.it\/OPHELIA\/wp-json\/wp\/v2\/product_cat?post=2449"},{"taxonomy":"product_tag","embeddable":true,"href":"http:\/\/riccardowebdesign.it\/OPHELIA\/wp-json\/wp\/v2\/product_tag?post=2449"}],"curies":[{"name":"wp","href":"https:\/\/api.w.org\/{rel}","templated":true}]}}