{"id":2497,"date":"2025-11-22T19:46:26","date_gmt":"2025-11-22T18:46:26","guid":{"rendered":"http:\/\/riccardowebdesign.it\/OPHELIA\/prodotto\/anello-23\/"},"modified":"2025-12-15T20:00:41","modified_gmt":"2025-12-15T19:00:41","slug":"anello-23","status":"publish","type":"product","link":"http:\/\/riccardowebdesign.it\/OPHELIA\/prodotto\/anello-23\/","title":{"rendered":"Anello in quarzo fum\u00e9 | intreccio in rame caldo"},"content":{"rendered":"<div class=\"relative basis-auto flex-col -mb-(--composer-overlap-px) [--composer-overlap-px:28px] grow flex overflow-hidden\">\n<div class=\"relative h-full\">\n<div class=\"flex h-full flex-col overflow-y-auto thread-xl:pt-(--header-height) [scrollbar-gutter:stable_both-edges]\">\n<div class=\"flex flex-col text-sm thread-xl:pt-header-height pb-25\">\n<article class=\"text-token-text-primary w-full focus:outline-none [--shadow-height:45px] has-data-writing-block:pointer-events-none has-data-writing-block:-mt-(--shadow-height) has-data-writing-block:pt-(--shadow-height) [&amp;:has([data-writing-block])&gt;*]:pointer-events-auto [content-visibility:auto] supports-[content-visibility:auto]:[contain-intrinsic-size:auto_100lvh] scroll-mt-[calc(var(--header-height)+min(200px,max(70px,20svh)))]\" dir=\"auto\" tabindex=\"-1\" data-turn-id=\"432fb49a-f872-4f82-8716-901c889ed451\" data-testid=\"conversation-turn-52\" data-scroll-anchor=\"true\" data-turn=\"assistant\">\n<div class=\"text-base my-auto mx-auto pb-10 [--thread-content-margin:--spacing(4)] thread-sm:[--thread-content-margin:--spacing(6)] thread-lg:[--thread-content-margin:--spacing(16)] px-(--thread-content-margin)\">\n<div class=\"[--thread-content-max-width:40rem] thread-lg:[--thread-content-max-width:48rem] mx-auto max-w-(--thread-content-max-width) flex-1 group\/turn-messages focus-visible:outline-hidden relative flex w-full min-w-0 flex-col agent-turn\" tabindex=\"-1\">\n<div class=\"flex max-w-full flex-col grow\">\n<div class=\"min-h-8 text-message relative flex w-full flex-col items-end gap-2 text-start break-words whitespace-normal [.text-message+&amp;]:mt-1\" dir=\"auto\" data-message-author-role=\"assistant\" data-message-id=\"4cd88d49-619f-4cfb-b808-3ca5ff702d11\" data-message-model-slug=\"gpt-5-1-thinking\">\n<div class=\"flex w-full flex-col gap-1 empty:hidden first:pt-[1px]\">\n<div class=\"markdown prose dark:prose-invert w-full break-words dark markdown-new-styling\">\n<p data-start=\"330\" data-end=\"660\">Questo anello nasce da pi\u00f9 fili di rame caldo che si intrecciano attorno al quarzo fum\u00e9 creando una montatura ricca di movimento, quasi un piccolo nido protettivo. La pietra, liscia e lucida, mostra un marrone fumoso con sfumature grigie e leggere inclusioni interne, come se trattenesse una bruma sottile.<\/p>\n<p data-start=\"662\" data-end=\"1067\">Il rame, con il suo tono caldo, esalta la profondit\u00e0 del quarzo fum\u00e9 e lo rende ancora pi\u00f9 avvolgente alla vista. \u00c8 un abbinamento che parla di radicamento e presenza: niente strappi, solo un invito a rallentare, osservare e lasciar andare ci\u00f2 che pesa. L\u2019intreccio irregolare ma armonico segue il dito in modo naturale, senza risultare ingombrante, e lascia la pietra al centro come unico punto di focus.<\/p>\n<p data-start=\"1069\" data-end=\"1245\">\u00c8 un anello pensato per essere indossato davvero, non solo \u201ctenuto da parte\u201d: un piccolo compagno di tutti i giorni, da guardare quando senti il bisogno di tornare al centro.<\/p>\n<hr data-start=\"1247\" data-end=\"1250\" \/>\n<ul data-start=\"1276\" data-end=\"2217\">\n<li data-start=\"1276\" data-end=\"1326\">\n<p data-start=\"1278\" data-end=\"1326\"><strong data-start=\"1278\" data-end=\"1288\">Pietra<\/strong>: quarzo fum\u00e9 naturale, sfera liscia<\/p>\n<\/li>\n<li data-start=\"1327\" data-end=\"1403\">\n<p data-start=\"1329\" data-end=\"1403\"><strong data-start=\"1329\" data-end=\"1346\">Colore pietra<\/strong>: marrone\/grigio fumoso, con leggere inclusioni interne<\/p>\n<\/li>\n<li data-start=\"1404\" data-end=\"1486\">\n<p data-start=\"1406\" data-end=\"1486\"><strong data-start=\"1406\" data-end=\"1417\">Metallo<\/strong>: filo di rame anticato, modellato e intrecciato interamente a mano<\/p>\n<\/li>\n<li data-start=\"1487\" data-end=\"1584\">\n<p data-start=\"1489\" data-end=\"1584\"><strong data-start=\"1489\" data-end=\"1499\">Design<\/strong>: montatura avvolgente con pi\u00f9 giri di filo attorno alla pietra e intrecci laterali<\/p>\n<\/li>\n<li data-start=\"1585\" data-end=\"1670\">\n<p data-start=\"1587\" data-end=\"1670\"><strong data-start=\"1587\" data-end=\"1598\">Tecnica<\/strong>: wire wrapping artigianale<\/p>\n<\/li>\n<li data-start=\"1671\" data-end=\"1769\">\n<p data-start=\"1673\" data-end=\"1769\"><strong data-start=\"1673\" data-end=\"1683\">Misura<\/strong>: 19<\/p>\n<\/li>\n<li data-start=\"1671\" data-end=\"1769\">\n<p data-start=\"1673\" data-end=\"1769\"><strong data-start=\"1772\" data-end=\"1784\">Finitura<\/strong>: struttura solida ma confortevole sul dito, superficie liscia senza bordi taglienti<\/p>\n<\/li>\n<li data-start=\"1975\" data-end=\"2122\">\n<p data-start=\"1977\" data-end=\"2122\"><strong data-start=\"1977\" data-end=\"1985\">Cura<\/strong>: evitare contatto prolungato con acqua, profumi, creme e prodotti chimici<\/p>\n<\/li>\n<li data-start=\"1975\" data-end=\"2122\">\n<p data-start=\"1977\" data-end=\"2122\"><strong data-start=\"2125\" data-end=\"2140\">Nichel free<\/strong>: privo di nichel, pensato per essere il pi\u00f9 possibile delicato sulla pelle<\/p>\n<\/li>\n<\/ul>\n<hr data-start=\"2219\" data-end=\"2222\" \/>\n<p data-start=\"2224\" data-end=\"2491\" data-is-last-node=\"\" data-is-only-node=\"\"><br data-start=\"2258\" data-end=\"2261\" \/>Perfetto per chi vive periodi intensi o pieni di cambiamenti e desidera un anello che trasmetta stabilit\u00e0 e concretezza. Ideale per chi ama i toni caldi, il rame e i gioielli che sanno essere presenti senza risultare appariscenti.<\/p>\n<\/div>\n<\/div>\n<\/div>\n<\/div>\n<div class=\"z-0 flex min-h-[46px] justify-start\"><\/div>\n<div class=\"mt-3 w-full empty:hidden\">\n<div class=\"text-center\"><\/div>\n<\/div>\n<\/div>\n<\/div>\n<\/article>\n<div class=\"pointer-events-none h-px w-px\" aria-hidden=\"true\" data-edge=\"true\"><\/div>\n<div><\/div>\n<\/div>\n<\/div>\n<\/div>\n<\/div>\n<div id=\"thread-bottom-container\" class=\"group\/thread-bottom-container relative isolate z-10 w-full basis-auto has-data-has-thread-error:pt-2 has-data-has-thread-error:[box-shadow:var(--sharp-edge-bottom-shadow)] md:border-transparent md:pt-0 dark:border-white\/20 md:dark:border-transparent print:hidden content-fade single-line\">\n<div class=\"text-base mx-auto [--thread-content-margin:--spacing(4)] thread-sm:[--thread-content-margin:--spacing(6)] thread-lg:[--thread-content-margin:--spacing(16)] px-(--thread-content-margin)\">\n<div class=\"[--thread-content-max-width:40rem] thread-lg:[--thread-content-max-width:48rem] mx-auto max-w-(--thread-content-max-width) flex-1\">\n<div class=\"flex justify-center empty:hidden\"><\/div>\n<div class=\"pointer-events-auto relative z-1 flex h-[var(--composer-container-height,100%)] max-w-full flex-[var(--composer-container-flex,1)] flex-col\">\n<p><button class=\"invisible absolute self-center\" tabindex=\"-1\" name=\"context-connector-pasted-link-popover-trigger\" type=\"button\" aria-hidden=\"true\" aria-haspopup=\"dialog\" aria-expanded=\"false\" aria-controls=\"radix-_r_21v_\" data-state=\"closed\"><\/button><\/p>\n<div class=\"absolute start-0 end-0 bottom-full z-20\"><\/div>\n<form class=\"group\/composer w-full\" data-expanded=\"\" data-type=\"unified-composer\">\n<div class=\"hidden\"><input tabindex=\"-1\" multiple=\"multiple\" type=\"file\" \/><\/div>\n<div class=\"\">\n<div class=\"bg-token-bg-primary cursor-text overflow-clip bg-clip-padding p-2.5 contain-inline-size dark:bg-[#303030] grid grid-cols-[auto_1fr_auto] [grid-template-areas:'header_header_header'_'leading_primary_trailing'_'._footer_.'] group-data-expanded\/composer:[grid-template-areas:'header_header_header'_'primary_primary_primary'_'leading_footer_trailing'] shadow-short\">\n<div class=\"-my-2.5 flex min-h-14 items-center overflow-x-hidden px-1.5 [grid-area:primary] group-data-expanded\/composer:mb-0 group-data-expanded\/composer:px-2.5\">\n<div class=\"_prosemirror-parent_1dsxi_2 text-token-text-primary max-h-[max(30svh,5rem)] max-h-52 flex-1 overflow-auto [scrollbar-width:thin] default-browser vertical-scroll-fade-mask\">\n<p><textarea class=\"_fallbackTextarea_1dsxi_2\" name=\"prompt-textarea\" placeholder=\"Ask anything\" data-virtualkeyboard=\"true\"><\/textarea><\/p>\n<div id=\"prompt-textarea\" class=\"ProseMirror\" contenteditable=\"true\" translate=\"no\" data-virtualkeyboard=\"true\"><\/div>\n<\/div>\n<\/div>\n<\/div>\n<\/div>\n<\/form>\n<\/div>\n<\/div>\n<\/div>\n<\/div>\n","protected":false},"excerpt":{"rendered":"<p data-start=\"78\" data-end=\"323\">Un anello avvolgente in rame anticato che custodisce una sfera di quarzo fum\u00e9 dai toni bruno-grigio. Un dettaglio intenso e discreto, pensato per chi cerca un gioiello che aiuti a \u201cfare spazio\u201d e alleggerire i pensieri.<\/p>\n","protected":false},"featured_media":2500,"comment_status":"open","ping_status":"closed","template":"","meta":[],"product_brand":[26],"product_cat":[22],"product_tag":[],"class_list":{"0":"post-2497","1":"product","2":"type-product","3":"status-publish","4":"has-post-thumbnail","6":"product_brand-ophelias-gioielli","7":"product_cat-anelli","9":"first","10":"instock","11":"purchasable","12":"product-type-simple"},"aioseo_notices":[],"wcpa_form_fields":null,"_links":{"self":[{"href":"http:\/\/riccardowebdesign.it\/OPHELIA\/wp-json\/wp\/v2\/product\/2497","targetHints":{"allow":["GET"]}}],"collection":[{"href":"http:\/\/riccardowebdesign.it\/OPHELIA\/wp-json\/wp\/v2\/product"}],"about":[{"href":"http:\/\/riccardowebdesign.it\/OPHELIA\/wp-json\/wp\/v2\/types\/product"}],"replies":[{"embeddable":true,"href":"http:\/\/riccardowebdesign.it\/OPHELIA\/wp-json\/wp\/v2\/comments?post=2497"}],"wp:featuredmedia":[{"embeddable":true,"href":"http:\/\/riccardowebdesign.it\/OPHELIA\/wp-json\/wp\/v2\/media\/2500"}],"wp:attachment":[{"href":"http:\/\/riccardowebdesign.it\/OPHELIA\/wp-json\/wp\/v2\/media?parent=2497"}],"wp:term":[{"taxonomy":"product_brand","embeddable":true,"href":"http:\/\/riccardowebdesign.it\/OPHELIA\/wp-json\/wp\/v2\/product_brand?post=2497"},{"taxonomy":"product_cat","embeddable":true,"href":"http:\/\/riccardowebdesign.it\/OPHELIA\/wp-json\/wp\/v2\/product_cat?post=2497"},{"taxonomy":"product_tag","embeddable":true,"href":"http:\/\/riccardowebdesign.it\/OPHELIA\/wp-json\/wp\/v2\/product_tag?post=2497"}],"curies":[{"name":"wp","href":"https:\/\/api.w.org\/{rel}","templated":true}]}}