{"id":2848,"date":"2025-11-27T13:44:33","date_gmt":"2025-11-27T12:44:33","guid":{"rendered":"http:\/\/riccardowebdesign.it\/OPHELIA\/prodotto\/anello-43\/"},"modified":"2025-12-15T19:29:20","modified_gmt":"2025-12-15T18:29:20","slug":"anello-43","status":"publish","type":"product","link":"http:\/\/riccardowebdesign.it\/OPHELIA\/prodotto\/anello-43\/","title":{"rendered":"Anello in peridoto"},"content":{"rendered":"<article class=\"text-token-text-primary w-full focus:outline-none [--shadow-height:45px] has-data-writing-block:pointer-events-none has-data-writing-block:-mt-(--shadow-height) has-data-writing-block:pt-(--shadow-height) [&amp;:has([data-writing-block])&gt;*]:pointer-events-auto scroll-mt-[calc(var(--header-height)+min(200px,max(70px,20svh)))]\" dir=\"auto\" tabindex=\"-1\" data-turn-id=\"fa1d8c60-36be-43b8-a6c6-549617ae8a8c\" data-testid=\"conversation-turn-92\" data-scroll-anchor=\"true\" data-turn=\"assistant\">\n<div class=\"text-base my-auto mx-auto pb-10 [--thread-content-margin:--spacing(4)] thread-sm:[--thread-content-margin:--spacing(6)] thread-lg:[--thread-content-margin:--spacing(16)] px-(--thread-content-margin)\">\n<div class=\"[--thread-content-max-width:40rem] thread-lg:[--thread-content-max-width:48rem] mx-auto max-w-(--thread-content-max-width) flex-1 group\/turn-messages focus-visible:outline-hidden relative flex w-full min-w-0 flex-col agent-turn\" tabindex=\"-1\">\n<div class=\"flex max-w-full flex-col grow\">\n<div class=\"min-h-8 text-message relative flex w-full flex-col items-end gap-2 text-start break-words whitespace-normal [.text-message+&amp;]:mt-1\" dir=\"auto\" data-message-author-role=\"assistant\" data-message-id=\"96e0beee-1ede-4c8d-aec7-5ed680d7f1e0\" data-message-model-slug=\"gpt-5-1-thinking\">\n<div class=\"flex w-full flex-col gap-1 empty:hidden first:pt-[1px]\">\n<div class=\"markdown prose dark:prose-invert w-full break-words dark markdown-new-styling\">\n<p data-start=\"279\" data-end=\"457\">Questo anello \u00e8 realizzato con un filo di rame color oro modellato in una doppia spirale verticale, che avvolge il dito con una linea continua e fluida.<\/p>\n<p data-start=\"459\" data-end=\"818\">Al centro della struttura \u00e8 sospeso un <strong data-start=\"498\" data-end=\"526\">peridoto naturale grezzo<\/strong>: una piccola gemma irregolare, verde chiaro con inclusioni scure interne, lasciata apposta poco lavorata per conservare il suo carattere pi\u00f9 autentico. Ogni pietra \u00e8 diversa, con sfumature e micro-fratture che la rendono unica, come un frammento di luce raccolto direttamente dalla roccia.<\/p>\n<p data-start=\"820\" data-end=\"1144\">La spirale \u00e8 leggera e aperta, regolabile, e i micro-avvolgimenti attorno alla pietra creano un contrasto tra il rigore della linea metallica e la spontaneit\u00e0 della gemma grezza. Il risultato \u00e8 un anello che resta comodo sul dito ma ha una forte presenza visiva, perfetto sia da solo che abbinato ad altri gioielli dorati.<\/p>\n<hr data-start=\"1146\" data-end=\"1149\" \/>\n<ul data-start=\"1175\" data-end=\"1969\">\n<li data-start=\"1175\" data-end=\"1253\">\n<p data-start=\"1177\" data-end=\"1253\"><strong data-start=\"1177\" data-end=\"1187\">Pietra<\/strong>: peridoto naturale grezzo, verde chiaro con inclusioni naturali<\/p>\n<\/li>\n<li data-start=\"1254\" data-end=\"1338\">\n<p data-start=\"1256\" data-end=\"1338\"><strong data-start=\"1256\" data-end=\"1267\">Metallo<\/strong>: filo di rame color oro (rame placcato), modellato e lavorato a mano<\/p>\n<\/li>\n<li data-start=\"1339\" data-end=\"1424\">\n<p data-start=\"1341\" data-end=\"1424\"><strong data-start=\"1341\" data-end=\"1351\">Design<\/strong>: anello a spirale verticale aperta con singola gemma centrale pendente<\/p>\n<\/li>\n<li data-start=\"1425\" data-end=\"1508\">\n<p data-start=\"1427\" data-end=\"1508\"><strong data-start=\"1427\" data-end=\"1438\">Tecnica<\/strong>: wire wrapping artigianale con fissaggio tramite micro-avvolgimenti<\/p>\n<\/li>\n<li data-start=\"1509\" data-end=\"1602\">\n<p data-start=\"1511\" data-end=\"1602\"><strong data-start=\"1511\" data-end=\"1521\">Misura<\/strong>: regolabile<\/p>\n<\/li>\n<li data-start=\"1889\" data-end=\"1969\">\n<p data-start=\"1891\" data-end=\"1969\"><strong data-start=\"1891\" data-end=\"1906\">Nichel free<\/strong>: pensato per risultare il pi\u00f9 possibile delicato sulla pelle<\/p>\n<\/li>\n<\/ul>\n<hr data-start=\"1971\" data-end=\"1974\" \/>\n<p data-start=\"1976\" data-end=\"2390\" data-is-last-node=\"\" data-is-only-node=\"\"><br data-start=\"2010\" data-end=\"2013\" \/>\u00c8 pensato per chi sta attraversando cambiamenti, decisioni importanti o semplicemente vuole sentirsi pi\u00f9 centrato nelle proprie scelte. Il peridoto \u00e8 legato alla chiarezza mentale e alla capacit\u00e0 di lasciar andare il superfluo: un anello ideale per chi ama i dettagli discreti ma pieni di carattere, e vuole portare al dito un piccolo promemoria di lucidit\u00e0 e coraggio gentile.<\/p>\n<\/div>\n<\/div>\n<\/div>\n<\/div>\n<div class=\"z-0 flex min-h-[46px] justify-start\"><\/div>\n<div class=\"mt-3 w-full empty:hidden\">\n<div class=\"text-center\"><\/div>\n<\/div>\n<\/div>\n<\/div>\n<\/article>\n<div class=\"pointer-events-none h-px w-px\" aria-hidden=\"true\" data-edge=\"true\"><\/div>\n","protected":false},"excerpt":{"rendered":"<p>Anello a spirale in filo dorato con un cristallo grezzo di peridoto verde chiaro al centro. Un talismano essenziale per chi ha bisogno di lucidit\u00e0 e nuove prospettive.<\/p>\n","protected":false},"featured_media":2885,"comment_status":"open","ping_status":"closed","template":"","meta":[],"product_brand":[26],"product_cat":[22],"product_tag":[],"class_list":{"0":"post-2848","1":"product","2":"type-product","3":"status-publish","4":"has-post-thumbnail","6":"product_brand-ophelias-gioielli","7":"product_cat-anelli","9":"first","10":"instock","11":"purchasable","12":"product-type-simple"},"aioseo_notices":[],"wcpa_form_fields":null,"_links":{"self":[{"href":"http:\/\/riccardowebdesign.it\/OPHELIA\/wp-json\/wp\/v2\/product\/2848","targetHints":{"allow":["GET"]}}],"collection":[{"href":"http:\/\/riccardowebdesign.it\/OPHELIA\/wp-json\/wp\/v2\/product"}],"about":[{"href":"http:\/\/riccardowebdesign.it\/OPHELIA\/wp-json\/wp\/v2\/types\/product"}],"replies":[{"embeddable":true,"href":"http:\/\/riccardowebdesign.it\/OPHELIA\/wp-json\/wp\/v2\/comments?post=2848"}],"wp:featuredmedia":[{"embeddable":true,"href":"http:\/\/riccardowebdesign.it\/OPHELIA\/wp-json\/wp\/v2\/media\/2885"}],"wp:attachment":[{"href":"http:\/\/riccardowebdesign.it\/OPHELIA\/wp-json\/wp\/v2\/media?parent=2848"}],"wp:term":[{"taxonomy":"product_brand","embeddable":true,"href":"http:\/\/riccardowebdesign.it\/OPHELIA\/wp-json\/wp\/v2\/product_brand?post=2848"},{"taxonomy":"product_cat","embeddable":true,"href":"http:\/\/riccardowebdesign.it\/OPHELIA\/wp-json\/wp\/v2\/product_cat?post=2848"},{"taxonomy":"product_tag","embeddable":true,"href":"http:\/\/riccardowebdesign.it\/OPHELIA\/wp-json\/wp\/v2\/product_tag?post=2848"}],"curies":[{"name":"wp","href":"https:\/\/api.w.org\/{rel}","templated":true}]}}