{"id":2933,"date":"2025-12-01T13:14:53","date_gmt":"2025-12-01T12:14:53","guid":{"rendered":"http:\/\/riccardowebdesign.it\/OPHELIA\/prodotto\/bracciale-7\/"},"modified":"2025-12-15T19:41:27","modified_gmt":"2025-12-15T18:41:27","slug":"bracciale-7","status":"publish","type":"product","link":"http:\/\/riccardowebdesign.it\/OPHELIA\/prodotto\/bracciale-7\/","title":{"rendered":"Bracciale in zoisite rubino"},"content":{"rendered":"<article class=\"text-token-text-primary w-full focus:outline-none [--shadow-height:45px] has-data-writing-block:pointer-events-none has-data-writing-block:-mt-(--shadow-height) has-data-writing-block:pt-(--shadow-height) [&amp;:has([data-writing-block])&gt;*]:pointer-events-auto scroll-mt-[calc(var(--header-height)+min(200px,max(70px,20svh)))]\" dir=\"auto\" tabindex=\"-1\" data-turn-id=\"request-WEB:9d78e5cf-b051-41cc-be2c-e69bb31f7070-6\" data-testid=\"conversation-turn-14\" data-scroll-anchor=\"true\" data-turn=\"assistant\">\n<div class=\"text-base my-auto mx-auto pb-10 [--thread-content-margin:--spacing(4)] thread-sm:[--thread-content-margin:--spacing(6)] thread-lg:[--thread-content-margin:--spacing(16)] px-(--thread-content-margin)\">\n<div class=\"[--thread-content-max-width:40rem] thread-lg:[--thread-content-max-width:48rem] mx-auto max-w-(--thread-content-max-width) flex-1 group\/turn-messages focus-visible:outline-hidden relative flex w-full min-w-0 flex-col agent-turn\" tabindex=\"-1\">\n<div class=\"flex max-w-full flex-col grow\">\n<div class=\"min-h-8 text-message relative flex w-full flex-col items-end gap-2 text-start break-words whitespace-normal [.text-message+&amp;]:mt-1\" dir=\"auto\" data-message-author-role=\"assistant\" data-message-id=\"f5d17338-2b9c-48bb-b747-c76d202e071a\" data-message-model-slug=\"gpt-5-1-thinking\">\n<div class=\"flex w-full flex-col gap-1 empty:hidden first:pt-[1px]\">\n<div class=\"markdown prose dark:prose-invert w-full break-words dark markdown-new-styling\">\n<p data-start=\"365\" data-end=\"1295\">Al centro di questo bracciale c\u2019\u00e8 una pietra di zoisite con rubino: una base verde profonda che accoglie venature e zone rosate\/violacee, come piccole scintille di colore racchiuse nella roccia. Il cabochon \u00e8 custodito da un intreccio di fili in rame che lo avvolgono senza coprirlo, creando curve e volute che accompagnano le linee naturali della pietra.<br data-start=\"751\" data-end=\"754\" \/>Zoisite e rubino insieme vengono spesso associati alla capacit\u00e0 di tenere collegati cuore e realt\u00e0: da una parte il rubino richiama passione, desiderio e slancio, dall\u2019altra la zoisite porta un\u2019energia pi\u00f9 concreta, legata al presente e alle scelte quotidiane. Il risultato \u00e8 un talismano discreto che invita a non dimenticare ci\u00f2 che ti accende davvero, ma senza perdere contatto con ci\u00f2 che \u00e8 pratico e possibile. La catena in rame completa il bracciale, rendendolo facile da abbinare sia a toni neutri che a colori caldi e intensi.<\/p>\n<hr data-start=\"1297\" data-end=\"1300\" \/>\n<ul data-start=\"1324\" data-end=\"1698\">\n<li data-start=\"1324\" data-end=\"1392\">\n<p data-start=\"1326\" data-end=\"1392\">Bracciale realizzato interamente a mano in tecnica wire wrapping<\/p>\n<\/li>\n<li data-start=\"1393\" data-end=\"1465\">\n<p data-start=\"1395\" data-end=\"1465\">Pietra naturale: zoisite con rubino (sfumature verdi e viola\/rosate)<\/p>\n<\/li>\n<li data-start=\"1466\" data-end=\"1540\">\n<p data-start=\"1468\" data-end=\"1540\">Metallo: filo in rame e catena in metallo dorato nickel free<\/p>\n<\/li>\n<li data-start=\"1541\" data-end=\"1567\">\n<p data-start=\"1543\" data-end=\"1567\">Chiusura a moschettone<\/p>\n<\/li>\n<li data-start=\"1568\" data-end=\"1614\">\n<p data-start=\"1570\" data-end=\"1614\">Lunghezza regolabile tramite anelli finali<\/p>\n<\/li>\n<li data-start=\"1615\" data-end=\"1634\">\n<p data-start=\"1617\" data-end=\"1634\">Finitura lucida<\/p>\n<\/li>\n<li data-start=\"1635\" data-end=\"1698\">\n<p data-start=\"1637\" data-end=\"1698\">Pezzo unico: disegno della pietra e intreccio non replicabili<\/p>\n<\/li>\n<\/ul>\n<hr data-start=\"1700\" data-end=\"1703\" \/>\n<p data-start=\"1705\" data-end=\"2390\" data-is-last-node=\"\" data-is-only-node=\"\"><br data-start=\"1737\" data-end=\"1740\" \/>Questo bracciale \u00e8 ideale per chi si sente divisa tra ci\u00f2 che \u201csarebbe logico fare\u201d e ci\u00f2 che davvero desidera, e vuole un simbolo che ricordi di tenere insieme entrambe le parti. \u00c8 perfetto per chi sta costruendo progetti importanti, relazioni pi\u00f9 consapevoli o nuove abitudini, e ha bisogno di restare in contatto con il proprio centro emotivo senza perdere lucidit\u00e0. Piacer\u00e0 a chi ama i gioielli con colori profondi e un po\u2019 insoliti, che non risultano eccessivi ma rivelano dettagli diversi ogni volta che li si guarda da vicino. Indossato ogni giorno, diventa un piccolo promemoria di coraggio gentile e scelte allineate a ci\u00f2 che conta davvero.<\/p>\n<\/div>\n<\/div>\n<\/div>\n<\/div>\n<div class=\"z-0 flex min-h-[46px] justify-start\"><\/div>\n<div class=\"mt-3 w-full empty:hidden\">\n<div class=\"text-center\"><\/div>\n<\/div>\n<\/div>\n<\/div>\n<\/article>\n<div class=\"pointer-events-none h-px w-px\" aria-hidden=\"true\" data-edge=\"true\"><\/div>\n","protected":false},"excerpt":{"rendered":"<p>Una goccia di zoisite rubino, attraversata da sfumature viola e verdi, avvolta da un intreccio caldo di rame dorato. Un bracciale che unisce dolcezza e forza, pensato per chi vuole tenere al polso un richiamo costante a ci\u00f2 che ama davvero, restando ben radicata a terra.<\/p>\n","protected":false},"featured_media":2945,"comment_status":"open","ping_status":"closed","template":"","meta":[],"product_brand":[26],"product_cat":[20],"product_tag":[],"class_list":{"0":"post-2933","1":"product","2":"type-product","3":"status-publish","4":"has-post-thumbnail","6":"product_brand-ophelias-gioielli","7":"product_cat-bracciali","9":"first","10":"instock","11":"purchasable","12":"product-type-simple"},"aioseo_notices":[],"wcpa_form_fields":null,"_links":{"self":[{"href":"http:\/\/riccardowebdesign.it\/OPHELIA\/wp-json\/wp\/v2\/product\/2933","targetHints":{"allow":["GET"]}}],"collection":[{"href":"http:\/\/riccardowebdesign.it\/OPHELIA\/wp-json\/wp\/v2\/product"}],"about":[{"href":"http:\/\/riccardowebdesign.it\/OPHELIA\/wp-json\/wp\/v2\/types\/product"}],"replies":[{"embeddable":true,"href":"http:\/\/riccardowebdesign.it\/OPHELIA\/wp-json\/wp\/v2\/comments?post=2933"}],"wp:featuredmedia":[{"embeddable":true,"href":"http:\/\/riccardowebdesign.it\/OPHELIA\/wp-json\/wp\/v2\/media\/2945"}],"wp:attachment":[{"href":"http:\/\/riccardowebdesign.it\/OPHELIA\/wp-json\/wp\/v2\/media?parent=2933"}],"wp:term":[{"taxonomy":"product_brand","embeddable":true,"href":"http:\/\/riccardowebdesign.it\/OPHELIA\/wp-json\/wp\/v2\/product_brand?post=2933"},{"taxonomy":"product_cat","embeddable":true,"href":"http:\/\/riccardowebdesign.it\/OPHELIA\/wp-json\/wp\/v2\/product_cat?post=2933"},{"taxonomy":"product_tag","embeddable":true,"href":"http:\/\/riccardowebdesign.it\/OPHELIA\/wp-json\/wp\/v2\/product_tag?post=2933"}],"curies":[{"name":"wp","href":"https:\/\/api.w.org\/{rel}","templated":true}]}}