{"id":2937,"date":"2025-12-01T13:17:12","date_gmt":"2025-12-01T12:17:12","guid":{"rendered":"http:\/\/riccardowebdesign.it\/OPHELIA\/prodotto\/bracciale-9\/"},"modified":"2025-12-15T19:33:31","modified_gmt":"2025-12-15T18:33:31","slug":"bracciale-9","status":"publish","type":"product","link":"http:\/\/riccardowebdesign.it\/OPHELIA\/prodotto\/bracciale-9\/","title":{"rendered":"Bracciale in quarzo fum\u00e9"},"content":{"rendered":"<article class=\"text-token-text-primary w-full focus:outline-none [--shadow-height:45px] has-data-writing-block:pointer-events-none has-data-writing-block:-mt-(--shadow-height) has-data-writing-block:pt-(--shadow-height) [&amp;:has([data-writing-block])&gt;*]:pointer-events-auto scroll-mt-[calc(var(--header-height)+min(200px,max(70px,20svh)))]\" dir=\"auto\" tabindex=\"-1\" data-turn-id=\"request-WEB:9d78e5cf-b051-41cc-be2c-e69bb31f7070-8\" data-testid=\"conversation-turn-18\" data-scroll-anchor=\"true\" data-turn=\"assistant\">\n<div class=\"text-base my-auto mx-auto pb-10 [--thread-content-margin:--spacing(4)] thread-sm:[--thread-content-margin:--spacing(6)] thread-lg:[--thread-content-margin:--spacing(16)] px-(--thread-content-margin)\">\n<div class=\"[--thread-content-max-width:40rem] thread-lg:[--thread-content-max-width:48rem] mx-auto max-w-(--thread-content-max-width) flex-1 group\/turn-messages focus-visible:outline-hidden relative flex w-full min-w-0 flex-col agent-turn\" tabindex=\"-1\">\n<div class=\"flex max-w-full flex-col grow\">\n<div class=\"min-h-8 text-message relative flex w-full flex-col items-end gap-2 text-start break-words whitespace-normal [.text-message+&amp;]:mt-1\" dir=\"auto\" data-message-author-role=\"assistant\" data-message-id=\"c36acdb3-a432-4fb4-afb7-1e6eec0b27ca\" data-message-model-slug=\"gpt-5-1-thinking\">\n<div class=\"flex w-full flex-col gap-1 empty:hidden first:pt-[1px]\">\n<div class=\"markdown prose dark:prose-invert w-full break-words dark markdown-new-styling\">\n<p data-start=\"340\" data-end=\"1181\">Al centro del bracciale vive una sfera di quarzo fum\u00e9, trasparente ma velata da riflessi grigio-bruni che ricordano fumo e luce filtrata. La pietra \u00e8 trattenuta da una montatura in wire wrapping dal design lineare: i fili color bronzo corrono paralleli lungo il polso e si aprono in una curva che abbraccia la sfera, lasciandola ben visibile.<br data-start=\"706\" data-end=\"709\" \/>L\u2019effetto \u00e8 pulito, quasi minimal, ma con un tocco di magia sottile: il quarzo fum\u00e9 \u00e8 tradizionalmente associato al radicamento, alla capacit\u00e0 di scaricare a terra le tensioni e di vedere le cose con pi\u00f9 realismo. \u00c8 una pietra che invita a rallentare il ritmo mentale, a smettere di accumulare pensieri, e a tornare al presente. Il metallo caldo bilancia i toni freddi della pietra, rendendo il bracciale semplice da abbinare sia a outfit quotidiani che a look pi\u00f9 curati.<\/p>\n<hr data-start=\"1183\" data-end=\"1186\" \/>\n<ul data-start=\"1210\" data-end=\"1556\">\n<li data-start=\"1210\" data-end=\"1278\">\n<p data-start=\"1212\" data-end=\"1278\">Bracciale realizzato interamente a mano in tecnica wire wrapping<\/p>\n<\/li>\n<li data-start=\"1279\" data-end=\"1319\">\n<p data-start=\"1281\" data-end=\"1319\">Pietra naturale: quarzo fum\u00e9 sferico<\/p>\n<\/li>\n<li data-start=\"1320\" data-end=\"1358\">\n<p data-start=\"1322\" data-end=\"1358\">Metallo: filo in rame color bronzo<\/p>\n<\/li>\n<li data-start=\"1359\" data-end=\"1411\">\n<p data-start=\"1361\" data-end=\"1411\">Struttura semi-rigida, leggera e comoda al polso<\/p>\n<\/li>\n<li data-start=\"1412\" data-end=\"1474\">\n<p data-start=\"1414\" data-end=\"1474\">Misura regolabile<\/p>\n<\/li>\n<li data-start=\"1475\" data-end=\"1494\">\n<p data-start=\"1477\" data-end=\"1494\">Finitura lucida<\/p>\n<\/li>\n<li data-start=\"1495\" data-end=\"1556\">\n<p data-start=\"1497\" data-end=\"1556\">Pezzo unico: ogni pietra e ogni intreccio sono irripetibili<\/p>\n<\/li>\n<\/ul>\n<hr data-start=\"1558\" data-end=\"1561\" \/>\n<p data-start=\"1563\" data-end=\"2152\" data-is-last-node=\"\" data-is-only-node=\"\"><br data-start=\"1595\" data-end=\"1598\" \/>Questo bracciale \u00e8 pensato per chi vive giornate piene, ha facilmente la testa in mille direzioni e sente il bisogno di qualcosa che riporti a terra. \u00c8 ideale per persone sensibili allo stress, che vogliono un simbolo discreto di protezione e radicamento senza ricorrere a gioielli troppo vistosi. Sta molto bene a chi ama i toni neutri, il bronzo, i colori della terra e preferisce accessori essenziali ma con un significato preciso: un piccolo \u201cancoraggio\u201d da tenere al polso per ricordarsi di respirare, fare ordine e tornare sempre al proprio centro.<\/p>\n<\/div>\n<\/div>\n<\/div>\n<\/div>\n<div class=\"z-0 flex min-h-[46px] justify-start\"><\/div>\n<div class=\"mt-3 w-full empty:hidden\">\n<div class=\"text-center\"><\/div>\n<\/div>\n<\/div>\n<\/div>\n<\/article>\n<div class=\"pointer-events-none h-px w-px\" aria-hidden=\"true\" data-edge=\"true\"><\/div>\n","protected":false},"excerpt":{"rendered":"<p data-start=\"61\" data-end=\"338\">Una sfera di quarzo fum\u00e9 sospesa in una struttura sottile color bronzo, come un piccolo pianeta racchiuso tra i fili. Questo bracciale \u00e8 essenziale e leggero, pensato per chi desidera un dettaglio discreto che porti con s\u00e9 radicamento, calma e lucidit\u00e0.<\/p>\n<p data-start=\"340\" data-end=\"1181\">\n","protected":false},"featured_media":2951,"comment_status":"open","ping_status":"closed","template":"","meta":[],"product_brand":[26],"product_cat":[20],"product_tag":[],"class_list":{"0":"post-2937","1":"product","2":"type-product","3":"status-publish","4":"has-post-thumbnail","6":"product_brand-ophelias-gioielli","7":"product_cat-bracciali","9":"first","10":"instock","11":"purchasable","12":"product-type-simple"},"aioseo_notices":[],"wcpa_form_fields":null,"_links":{"self":[{"href":"http:\/\/riccardowebdesign.it\/OPHELIA\/wp-json\/wp\/v2\/product\/2937","targetHints":{"allow":["GET"]}}],"collection":[{"href":"http:\/\/riccardowebdesign.it\/OPHELIA\/wp-json\/wp\/v2\/product"}],"about":[{"href":"http:\/\/riccardowebdesign.it\/OPHELIA\/wp-json\/wp\/v2\/types\/product"}],"replies":[{"embeddable":true,"href":"http:\/\/riccardowebdesign.it\/OPHELIA\/wp-json\/wp\/v2\/comments?post=2937"}],"wp:featuredmedia":[{"embeddable":true,"href":"http:\/\/riccardowebdesign.it\/OPHELIA\/wp-json\/wp\/v2\/media\/2951"}],"wp:attachment":[{"href":"http:\/\/riccardowebdesign.it\/OPHELIA\/wp-json\/wp\/v2\/media?parent=2937"}],"wp:term":[{"taxonomy":"product_brand","embeddable":true,"href":"http:\/\/riccardowebdesign.it\/OPHELIA\/wp-json\/wp\/v2\/product_brand?post=2937"},{"taxonomy":"product_cat","embeddable":true,"href":"http:\/\/riccardowebdesign.it\/OPHELIA\/wp-json\/wp\/v2\/product_cat?post=2937"},{"taxonomy":"product_tag","embeddable":true,"href":"http:\/\/riccardowebdesign.it\/OPHELIA\/wp-json\/wp\/v2\/product_tag?post=2937"}],"curies":[{"name":"wp","href":"https:\/\/api.w.org\/{rel}","templated":true}]}}