{"id":3139,"date":"2026-04-01T17:30:49","date_gmt":"2026-04-01T15:30:49","guid":{"rendered":"http:\/\/riccardowebdesign.it\/OPHELIA\/?post_type=product&#038;p=3139"},"modified":"2026-04-01T17:50:47","modified_gmt":"2026-04-01T15:50:47","slug":"pacchetto-standard-acconto-progettazione","status":"publish","type":"product","link":"http:\/\/riccardowebdesign.it\/OPHELIA\/prodotto\/pacchetto-standard-acconto-progettazione\/","title":{"rendered":"Pacchetto Standard \u2013 Acconto progettazione"},"content":{"rendered":"<p data-start=\"1414\" data-end=\"1530\">Il Pacchetto Standard \u00e8 ideale per gioielli pi\u00f9 elaborati, con possibilit\u00e0 di personalizzazione su forme e dettagli.<\/p>\n<p data-start=\"1532\" data-end=\"1612\">Acquistando questo pacchetto, avvii la progettazione del tuo gioiello su misura.<\/p>\n<p data-start=\"1614\" data-end=\"1629\">\u2714 Cosa include:<\/p>\n<ul data-start=\"1630\" data-end=\"1770\">\n<li data-section-id=\"10bh9gg\" data-start=\"1630\" data-end=\"1670\">analisi approfondita della richiesta<\/li>\n<li data-section-id=\"17zubvq\" data-start=\"1671\" data-end=\"1707\">proposta creativa personalizzata<\/li>\n<li data-section-id=\"kkqdi0\" data-start=\"1708\" data-end=\"1746\">suggerimento di materiali e pietre<\/li>\n<li data-section-id=\"19pz9jp\" data-start=\"1747\" data-end=\"1770\">preventivo completo<\/li>\n<\/ul>\n<p data-start=\"1772\" data-end=\"1907\">\ud83d\udcb0 Acconto: 60\u20ac<br data-start=\"1787\" data-end=\"1790\" \/>\ud83d\udc49 Il costo finale del gioiello sar\u00e0 indicativamente tra 150\u20ac e 300\u20ac<br data-start=\"1858\" data-end=\"1861\" \/>\ud83d\udc49 L\u2019acconto verr\u00e0 scalato dal prezzo finale<\/p>\n<p data-start=\"1909\" data-end=\"2016\">Entro 24-48h riceverai una proposta dettagliata. Solo dopo la tua conferma si proceder\u00e0 alla realizzazione.<\/p>\n","protected":false},"excerpt":{"rendered":"<div class=\"wp-block-group\">Per gioielli personalizzati con pi\u00f9 dettagli.<\/div>\n<div><\/div>\n<div class=\"wp-block-group\">Ricevi una proposta su misura e un preventivo chiaro.<\/div>\n<div class=\"wp-block-group\"><strong>Acconto scalato dal totale.<\/strong><\/div>\n","protected":false},"featured_media":3138,"comment_status":"open","ping_status":"closed","template":"","meta":[],"product_brand":[],"product_cat":[58],"product_tag":[],"class_list":{"0":"post-3139","1":"product","2":"type-product","3":"status-publish","4":"has-post-thumbnail","6":"product_cat-su-commissione","7":"wcpa_has_options","9":"first","10":"instock","11":"sold-individually","12":"taxable","13":"shipping-taxable","14":"purchasable","15":"product-type-simple"},"aioseo_notices":[],"wcpa_form_fields":{"wcpaData":{"product":{"product_price":60,"price_html":"<span class=\"woocommerce-Price-amount amount\"><bdi>60,00&nbsp;<span class=\"woocommerce-Price-currencySymbol\">&euro;<\/span><\/bdi><\/span>","original_product_price":60,"price_including_tax":60,"price_excluding_tax":60,"product_id":{"parent":3139,"variation":false},"is_variable":false,"stock_status":"instock","stock_quantity":null,"parent_sku":"","product_attributes":[],"custom_fields":[],"is_taxable":true,"product_name":"Pacchetto Standard \u2013 Acconto progettazione"},"fields":{"sec_969cd410eb189b":{"extra":{"key":"sec_969cd410eb189b","section_id":"sec_969cd410eb189b","name":"Default","status":1,"cl_rule":"show","enableCl":false,"relations":[],"toggle":true,"title_tag":"h3","show_title":false,"showPrice":"default","form_id":3145,"form_rules":{"exclude_from_discount":false,"fee_label":"Fee","disp_hide_options_price":false,"disp_show_section_price":false,"disp_show_field_price":true,"layout_option":"standard","pric_use_as_fee":false,"process_fee_as":"woo_fee"},"layout_option":"standard"},"fields":[[{"active":true,"col":6,"relations":false,"cl_rule":"show","enableCl":false,"price":"","enablePrice":false,"className":"","label_position":"default","desc_position":"default","type":"textarea","required":true,"elementId":"textarea_0592480301","label":"Inofrmazioni aggiuntive sulla personalizzazione","name":"textarea_0592480301","value":"","rows":2,"error":false,"gt_translate_keys":["label","value"],"price_dependency":false,"cl_dependency":false}],[{"active":true,"col":6,"relations":false,"cl_rule":"show","enableCl":false,"price":"","enablePrice":false,"className":"","label_position":"default","desc_position":"default","type":"file","required":false,"elementId":"file_9287806450","name":"file_9287806450","label":"Carica immagini di ispirazione","upload_type":"ajax","uploadSize":500,"file_types":["images","docs","design"],"error":false,"description":"Se hai delle immagini di ispirazione per la tua idea, caricala qui","tooltip":"Seleziona il file","enableDesign":true,"allowedFileTypes":"image\/*,.doc,.docx,.xml,.dot,.docm,.dotm,.dotx,.htm,.html,.odt,.pdf,.rtf,.txt,.wps,.xps,application\/msword,application\/vnd,.psd,.eps,.ai,.indd,.raw","gt_translate_keys":["label","description","tooltip"],"price_dependency":false,"cl_dependency":false,"value":""}]]}},"config":{"price_override":"","enable_recaptcha":false,"bind_quantity":false,"quantity_bind_formula":false,"disp_summ_show_option_price":true,"disp_summ_show_product_price":true,"disp_summ_show_total_price":true,"disp_summ_show_fee":false,"disp_summ_show_discount":false,"summary_title":"","options_total_label":"Options Price","total_label":"Total","options_product_label":"Product Price","fee_label":"Fee","discount_label":"Discount","has_price":true,"has_quantity_formula":false},"mc_unit":1,"tax_rate":1,"tax_rate_real":0,"discount":{"percentage":0,"fixed":0},"design":{"conf":{"LabelPosition":"above","DescPosition":"above","UploadField":"custom_1","QuantityFieldStyle":"default"},"css":{"LeftLabelWidth":"120px"}},"formulas":[],"clones":false,"cartKey":false}},"_links":{"self":[{"href":"http:\/\/riccardowebdesign.it\/OPHELIA\/wp-json\/wp\/v2\/product\/3139","targetHints":{"allow":["GET"]}}],"collection":[{"href":"http:\/\/riccardowebdesign.it\/OPHELIA\/wp-json\/wp\/v2\/product"}],"about":[{"href":"http:\/\/riccardowebdesign.it\/OPHELIA\/wp-json\/wp\/v2\/types\/product"}],"replies":[{"embeddable":true,"href":"http:\/\/riccardowebdesign.it\/OPHELIA\/wp-json\/wp\/v2\/comments?post=3139"}],"wp:featuredmedia":[{"embeddable":true,"href":"http:\/\/riccardowebdesign.it\/OPHELIA\/wp-json\/wp\/v2\/media\/3138"}],"wp:attachment":[{"href":"http:\/\/riccardowebdesign.it\/OPHELIA\/wp-json\/wp\/v2\/media?parent=3139"}],"wp:term":[{"taxonomy":"product_brand","embeddable":true,"href":"http:\/\/riccardowebdesign.it\/OPHELIA\/wp-json\/wp\/v2\/product_brand?post=3139"},{"taxonomy":"product_cat","embeddable":true,"href":"http:\/\/riccardowebdesign.it\/OPHELIA\/wp-json\/wp\/v2\/product_cat?post=3139"},{"taxonomy":"product_tag","embeddable":true,"href":"http:\/\/riccardowebdesign.it\/OPHELIA\/wp-json\/wp\/v2\/product_tag?post=3139"}],"curies":[{"name":"wp","href":"https:\/\/api.w.org\/{rel}","templated":true}]}}