{"id":469,"date":"2025-09-16T19:36:12","date_gmt":"2025-09-16T19:36:12","guid":{"rendered":"http:\/\/riccardowebdesign.it\/OPHELIA\/?post_type=product&#038;p=469"},"modified":"2025-09-16T19:36:34","modified_gmt":"2025-09-16T19:36:34","slug":"collana-punta-di-quarzo-rosa","status":"publish","type":"product","link":"http:\/\/riccardowebdesign.it\/OPHELIA\/prodotto\/collana-punta-di-quarzo-rosa\/","title":{"rendered":"collana punta di Quarzo rosa"},"content":{"rendered":"<p><img loading=\"lazy\" decoding=\"async\" class=\"alignnone size-full wp-image-458\" src=\"http:\/\/riccardowebdesign.it\/OPHELIA\/wp-content\/uploads\/2025\/09\/IMG_6695-scaled.jpg\" alt=\"\" width=\"2560\" height=\"2560\" srcset=\"http:\/\/riccardowebdesign.it\/OPHELIA\/wp-content\/uploads\/2025\/09\/IMG_6695-scaled.jpg 2560w, http:\/\/riccardowebdesign.it\/OPHELIA\/wp-content\/uploads\/2025\/09\/IMG_6695-scaled-450x450.jpg 450w, http:\/\/riccardowebdesign.it\/OPHELIA\/wp-content\/uploads\/2025\/09\/IMG_6695-scaled-100x100.jpg 100w, http:\/\/riccardowebdesign.it\/OPHELIA\/wp-content\/uploads\/2025\/09\/IMG_6695-scaled-900x900.jpg 900w, http:\/\/riccardowebdesign.it\/OPHELIA\/wp-content\/uploads\/2025\/09\/IMG_6695-300x300.jpg 300w, http:\/\/riccardowebdesign.it\/OPHELIA\/wp-content\/uploads\/2025\/09\/IMG_6695-1024x1024.jpg 1024w, http:\/\/riccardowebdesign.it\/OPHELIA\/wp-content\/uploads\/2025\/09\/IMG_6695-150x150.jpg 150w, http:\/\/riccardowebdesign.it\/OPHELIA\/wp-content\/uploads\/2025\/09\/IMG_6695-768x768.jpg 768w, http:\/\/riccardowebdesign.it\/OPHELIA\/wp-content\/uploads\/2025\/09\/IMG_6695-1536x1536.jpg 1536w, http:\/\/riccardowebdesign.it\/OPHELIA\/wp-content\/uploads\/2025\/09\/IMG_6695-2048x2048.jpg 2048w\" sizes=\"auto, (max-width: 2560px) 100vw, 2560px\" \/> <img loading=\"lazy\" decoding=\"async\" class=\"alignnone size-full wp-image-459\" src=\"http:\/\/riccardowebdesign.it\/OPHELIA\/wp-content\/uploads\/2025\/09\/IMG_6692-scaled.jpg\" alt=\"\" width=\"2560\" height=\"2560\" srcset=\"http:\/\/riccardowebdesign.it\/OPHELIA\/wp-content\/uploads\/2025\/09\/IMG_6692-scaled.jpg 2560w, http:\/\/riccardowebdesign.it\/OPHELIA\/wp-content\/uploads\/2025\/09\/IMG_6692-scaled-450x450.jpg 450w, http:\/\/riccardowebdesign.it\/OPHELIA\/wp-content\/uploads\/2025\/09\/IMG_6692-scaled-100x100.jpg 100w, http:\/\/riccardowebdesign.it\/OPHELIA\/wp-content\/uploads\/2025\/09\/IMG_6692-scaled-900x900.jpg 900w, http:\/\/riccardowebdesign.it\/OPHELIA\/wp-content\/uploads\/2025\/09\/IMG_6692-300x300.jpg 300w, http:\/\/riccardowebdesign.it\/OPHELIA\/wp-content\/uploads\/2025\/09\/IMG_6692-1024x1024.jpg 1024w, http:\/\/riccardowebdesign.it\/OPHELIA\/wp-content\/uploads\/2025\/09\/IMG_6692-150x150.jpg 150w, http:\/\/riccardowebdesign.it\/OPHELIA\/wp-content\/uploads\/2025\/09\/IMG_6692-768x768.jpg 768w, http:\/\/riccardowebdesign.it\/OPHELIA\/wp-content\/uploads\/2025\/09\/IMG_6692-1536x1536.jpg 1536w, http:\/\/riccardowebdesign.it\/OPHELIA\/wp-content\/uploads\/2025\/09\/IMG_6692-2048x2048.jpg 2048w\" sizes=\"auto, (max-width: 2560px) 100vw, 2560px\" \/><\/p>\n<p><strong data-start=\"877\" data-end=\"892\">Quarzo Rosa<\/strong><br data-start=\"892\" data-end=\"895\" \/>Amore \u2013 Dolcezza \u2013 Guarigione<br data-start=\"926\" data-end=\"929\" \/>Considerata la pietra del cuore, il quarzo rosa invita alla compassione, all\u2019autoguarigione e alla gentilezza profonda. \u00c8 una guida silenziosa per chi desidera ricostruire un legame con s\u00e9 e con gli altri, partendo dalla tenerezza.<\/p>\n<p>&nbsp;<\/p>\n<ul>\n<li data-start=\"1198\" data-end=\"1260\">\n<p data-start=\"1200\" data-end=\"1260\">Filo di rame placcato argento, lavorato interamente a mano<\/p>\n<\/li>\n<li data-start=\"1261\" data-end=\"1309\">\n<p data-start=\"1263\" data-end=\"1309\">Pietra centrale: quarzo rosa grezzo naturale<\/p>\n<\/li>\n<li data-start=\"1310\" data-end=\"1354\">\n<p data-start=\"1312\" data-end=\"1354\">Pendente decorativo: mezzaluna d\u2019argento<\/p>\n<\/li>\n<li data-start=\"1355\" data-end=\"1424\">\n<p data-start=\"1357\" data-end=\"1424\">Forma: rettangolare allungata con punta smussata, stile talismano<\/p>\n<\/li>\n<li data-start=\"1425\" data-end=\"1462\">\n<p data-start=\"1427\" data-end=\"1462\">Lunghezza regolabile con catenina<\/p>\n<\/li>\n<li data-start=\"1463\" data-end=\"1493\">\n<p data-start=\"1465\" data-end=\"1493\">Nickel free e cruelty free<\/p>\n<\/li>\n<li data-start=\"1494\" data-end=\"1559\">\n<p data-start=\"1496\" data-end=\"1559\">Pezzo unico<\/p>\n<\/li>\n<\/ul>\n<p>&nbsp;<\/p>\n<p>Pensata per chi ha bisogno di ritrovare s\u00e9 stesso, ricucire le crepe invisibili e riaprire il cuore con dolcezza. \u00c8 un amuleto per chi ama la luna, la notte, la ciclicit\u00e0 del sentire.<\/p>\n","protected":false},"excerpt":{"rendered":"<p>Un talismano argenteo, silenzioso e vibrante come una notte chiara. Il quarzo rosa grezzo, incastonato in una cornice lunare, si erge come una lama di luce tenue. La mezzaluna d\u2019argento pende alla base come simbolo di connessione femminile, ciclicit\u00e0 e rinascita.<\/p>\n","protected":false},"featured_media":459,"comment_status":"open","ping_status":"closed","template":"","meta":[],"product_brand":[26],"product_cat":[19],"product_tag":[],"class_list":{"0":"post-469","1":"product","2":"type-product","3":"status-publish","4":"has-post-thumbnail","6":"product_brand-ophelias-gioielli","7":"product_cat-collane","9":"first","10":"instock","11":"sold-individually","12":"purchasable","13":"product-type-simple"},"aioseo_notices":[],"wcpa_form_fields":null,"_links":{"self":[{"href":"http:\/\/riccardowebdesign.it\/OPHELIA\/wp-json\/wp\/v2\/product\/469","targetHints":{"allow":["GET"]}}],"collection":[{"href":"http:\/\/riccardowebdesign.it\/OPHELIA\/wp-json\/wp\/v2\/product"}],"about":[{"href":"http:\/\/riccardowebdesign.it\/OPHELIA\/wp-json\/wp\/v2\/types\/product"}],"replies":[{"embeddable":true,"href":"http:\/\/riccardowebdesign.it\/OPHELIA\/wp-json\/wp\/v2\/comments?post=469"}],"wp:featuredmedia":[{"embeddable":true,"href":"http:\/\/riccardowebdesign.it\/OPHELIA\/wp-json\/wp\/v2\/media\/459"}],"wp:attachment":[{"href":"http:\/\/riccardowebdesign.it\/OPHELIA\/wp-json\/wp\/v2\/media?parent=469"}],"wp:term":[{"taxonomy":"product_brand","embeddable":true,"href":"http:\/\/riccardowebdesign.it\/OPHELIA\/wp-json\/wp\/v2\/product_brand?post=469"},{"taxonomy":"product_cat","embeddable":true,"href":"http:\/\/riccardowebdesign.it\/OPHELIA\/wp-json\/wp\/v2\/product_cat?post=469"},{"taxonomy":"product_tag","embeddable":true,"href":"http:\/\/riccardowebdesign.it\/OPHELIA\/wp-json\/wp\/v2\/product_tag?post=469"}],"curies":[{"name":"wp","href":"https:\/\/api.w.org\/{rel}","templated":true}]}}