{"id":47,"date":"2025-07-28T14:01:47","date_gmt":"2025-07-28T14:01:47","guid":{"rendered":"http:\/\/riccardowebdesign.it\/OPHELIA\/prodotto\/bracciale-con-occhio-di-tigre\/"},"modified":"2025-09-03T15:11:05","modified_gmt":"2025-09-03T15:11:05","slug":"collana-lab-viola-ametista","status":"publish","type":"product","link":"http:\/\/riccardowebdesign.it\/OPHELIA\/prodotto\/collana-lab-viola-ametista\/","title":{"rendered":"collana Labradorite viola e Ametista"},"content":{"rendered":"<p><img loading=\"lazy\" decoding=\"async\" class=\"alignnone size-full wp-image-210\" src=\"http:\/\/riccardowebdesign.it\/OPHELIA\/wp-content\/uploads\/2025\/07\/IMG_3544-scaled.jpg\" alt=\"\" width=\"2560\" height=\"2560\" srcset=\"http:\/\/riccardowebdesign.it\/OPHELIA\/wp-content\/uploads\/2025\/07\/IMG_3544-scaled.jpg 2560w, http:\/\/riccardowebdesign.it\/OPHELIA\/wp-content\/uploads\/2025\/07\/IMG_3544-scaled-450x450.jpg 450w, http:\/\/riccardowebdesign.it\/OPHELIA\/wp-content\/uploads\/2025\/07\/IMG_3544-scaled-100x100.jpg 100w, http:\/\/riccardowebdesign.it\/OPHELIA\/wp-content\/uploads\/2025\/07\/IMG_3544-scaled-900x900.jpg 900w, http:\/\/riccardowebdesign.it\/OPHELIA\/wp-content\/uploads\/2025\/07\/IMG_3544-300x300.jpg 300w, http:\/\/riccardowebdesign.it\/OPHELIA\/wp-content\/uploads\/2025\/07\/IMG_3544-1024x1024.jpg 1024w, http:\/\/riccardowebdesign.it\/OPHELIA\/wp-content\/uploads\/2025\/07\/IMG_3544-150x150.jpg 150w, http:\/\/riccardowebdesign.it\/OPHELIA\/wp-content\/uploads\/2025\/07\/IMG_3544-768x768.jpg 768w, http:\/\/riccardowebdesign.it\/OPHELIA\/wp-content\/uploads\/2025\/07\/IMG_3544-1536x1536.jpg 1536w, http:\/\/riccardowebdesign.it\/OPHELIA\/wp-content\/uploads\/2025\/07\/IMG_3544-2048x2048.jpg 2048w\" sizes=\"auto, (max-width: 2560px) 100vw, 2560px\" \/><img loading=\"lazy\" decoding=\"async\" class=\"alignnone size-full wp-image-211\" src=\"http:\/\/riccardowebdesign.it\/OPHELIA\/wp-content\/uploads\/2025\/07\/IMG_3543-scaled.jpg\" alt=\"\" width=\"2560\" height=\"2560\" srcset=\"http:\/\/riccardowebdesign.it\/OPHELIA\/wp-content\/uploads\/2025\/07\/IMG_3543-scaled.jpg 2560w, http:\/\/riccardowebdesign.it\/OPHELIA\/wp-content\/uploads\/2025\/07\/IMG_3543-scaled-450x450.jpg 450w, http:\/\/riccardowebdesign.it\/OPHELIA\/wp-content\/uploads\/2025\/07\/IMG_3543-scaled-100x100.jpg 100w, http:\/\/riccardowebdesign.it\/OPHELIA\/wp-content\/uploads\/2025\/07\/IMG_3543-scaled-900x900.jpg 900w, http:\/\/riccardowebdesign.it\/OPHELIA\/wp-content\/uploads\/2025\/07\/IMG_3543-300x300.jpg 300w, http:\/\/riccardowebdesign.it\/OPHELIA\/wp-content\/uploads\/2025\/07\/IMG_3543-1024x1024.jpg 1024w, http:\/\/riccardowebdesign.it\/OPHELIA\/wp-content\/uploads\/2025\/07\/IMG_3543-150x150.jpg 150w, http:\/\/riccardowebdesign.it\/OPHELIA\/wp-content\/uploads\/2025\/07\/IMG_3543-768x768.jpg 768w, http:\/\/riccardowebdesign.it\/OPHELIA\/wp-content\/uploads\/2025\/07\/IMG_3543-1536x1536.jpg 1536w, http:\/\/riccardowebdesign.it\/OPHELIA\/wp-content\/uploads\/2025\/07\/IMG_3543-2048x2048.jpg 2048w\" sizes=\"auto, (max-width: 2560px) 100vw, 2560px\" \/><\/p>\n<p data-start=\"1229\" data-end=\"1583\"><strong data-start=\"1229\" data-end=\"1250\">Labradorite viola<\/strong> \u2013 pietra di protezione psichica, intuizione e visione profonda.<br data-start=\"1314\" data-end=\"1317\" \/>Potenzia le percezioni extrasensoriali, aiuta a distinguere la propria energia da quella degli altri, e guida nei processi di trasformazione interiore. \u00c8 spesso utilizzata per schermare il campo aurico e per accompagnare chi \u00e8 molto empatico o spiritualmente aperto.<\/p>\n<p data-start=\"1585\" data-end=\"1880\"><strong data-start=\"1585\" data-end=\"1597\">Ametista<\/strong> \u2013 pietra della saggezza, della guarigione emotiva e della connessione superiore.<br data-start=\"1678\" data-end=\"1681\" \/>Calma la mente, armonizza le emozioni e favorisce uno stato di lucidit\u00e0 spirituale. \u00c8 utile nei momenti di stress, meditazione o risveglio personale, aiutando a lasciare andare ci\u00f2 che non serve pi\u00f9.<\/p>\n<ul>\n<li data-start=\"1912\" data-end=\"1966\">\n<p data-start=\"1914\" data-end=\"1966\">Filo di rame anticato, lavorato interamente a mano<\/p>\n<\/li>\n<li data-start=\"1967\" data-end=\"2028\">\n<p data-start=\"1969\" data-end=\"2028\">Pietre naturali selezionate: labradorite viola + ametista<\/p>\n<\/li>\n<li data-start=\"2029\" data-end=\"2078\">\n<p data-start=\"2031\" data-end=\"2078\">Lunghezza regolabile con catenina estensibile<\/p>\n<\/li>\n<li data-start=\"2079\" data-end=\"2109\">\n<p data-start=\"2081\" data-end=\"2109\">Nickel free e cruelty free<\/p>\n<\/li>\n<li data-start=\"2110\" data-end=\"2227\">\n<p data-start=\"2112\" data-end=\"2227\">Ogni creazione \u00e8 un pezzo unico: i riflessi della labradorite e le sfumature dell\u2019ametista variano in modo naturale<\/p>\n<\/li>\n<\/ul>\n<p>&nbsp;<\/p>\n<p>Ideale per canalizzare messaggi profondi, proteggersi dall\u2019eccesso di stimoli esterni, e connettersi con il proprio centro spirituale.<\/p>\n","protected":false},"excerpt":{"rendered":"<p>Una combinazione che protegge, calma e apre l\u2019intuizione. Labradorite viola per visione interiore e schermatura energetica, ametista per guarigione, lucidit\u00e0 e connessione spirituale profonda.<\/p>\n","protected":false},"featured_media":210,"comment_status":"open","ping_status":"closed","template":"","meta":[],"product_brand":[26],"product_cat":[19],"product_tag":[],"class_list":{"0":"post-47","1":"product","2":"type-product","3":"status-publish","4":"has-post-thumbnail","6":"product_brand-ophelias-gioielli","7":"product_cat-collane","9":"first","10":"outofstock","11":"purchasable","12":"product-type-simple"},"aioseo_notices":[],"wcpa_form_fields":null,"_links":{"self":[{"href":"http:\/\/riccardowebdesign.it\/OPHELIA\/wp-json\/wp\/v2\/product\/47","targetHints":{"allow":["GET"]}}],"collection":[{"href":"http:\/\/riccardowebdesign.it\/OPHELIA\/wp-json\/wp\/v2\/product"}],"about":[{"href":"http:\/\/riccardowebdesign.it\/OPHELIA\/wp-json\/wp\/v2\/types\/product"}],"replies":[{"embeddable":true,"href":"http:\/\/riccardowebdesign.it\/OPHELIA\/wp-json\/wp\/v2\/comments?post=47"}],"wp:featuredmedia":[{"embeddable":true,"href":"http:\/\/riccardowebdesign.it\/OPHELIA\/wp-json\/wp\/v2\/media\/210"}],"wp:attachment":[{"href":"http:\/\/riccardowebdesign.it\/OPHELIA\/wp-json\/wp\/v2\/media?parent=47"}],"wp:term":[{"taxonomy":"product_brand","embeddable":true,"href":"http:\/\/riccardowebdesign.it\/OPHELIA\/wp-json\/wp\/v2\/product_brand?post=47"},{"taxonomy":"product_cat","embeddable":true,"href":"http:\/\/riccardowebdesign.it\/OPHELIA\/wp-json\/wp\/v2\/product_cat?post=47"},{"taxonomy":"product_tag","embeddable":true,"href":"http:\/\/riccardowebdesign.it\/OPHELIA\/wp-json\/wp\/v2\/product_tag?post=47"}],"curies":[{"name":"wp","href":"https:\/\/api.w.org\/{rel}","templated":true}]}}