{"id":473,"date":"2025-09-16T20:06:41","date_gmt":"2025-09-16T20:06:41","guid":{"rendered":"http:\/\/riccardowebdesign.it\/OPHELIA\/?post_type=product&#038;p=473"},"modified":"2025-12-15T20:20:41","modified_gmt":"2025-12-15T19:20:41","slug":"collana-azzurrite","status":"publish","type":"product","link":"http:\/\/riccardowebdesign.it\/OPHELIA\/prodotto\/collana-azzurrite\/","title":{"rendered":"collana Azzurrite"},"content":{"rendered":"<p><img loading=\"lazy\" decoding=\"async\" class=\"alignnone size-full wp-image-447\" src=\"http:\/\/riccardowebdesign.it\/OPHELIA\/wp-content\/uploads\/2025\/09\/IMG_6629-scaled.jpg\" alt=\"\" width=\"2560\" height=\"2560\" srcset=\"http:\/\/riccardowebdesign.it\/OPHELIA\/wp-content\/uploads\/2025\/09\/IMG_6629-scaled.jpg 2560w, http:\/\/riccardowebdesign.it\/OPHELIA\/wp-content\/uploads\/2025\/09\/IMG_6629-scaled-450x450.jpg 450w, http:\/\/riccardowebdesign.it\/OPHELIA\/wp-content\/uploads\/2025\/09\/IMG_6629-scaled-100x100.jpg 100w, http:\/\/riccardowebdesign.it\/OPHELIA\/wp-content\/uploads\/2025\/09\/IMG_6629-scaled-900x900.jpg 900w, http:\/\/riccardowebdesign.it\/OPHELIA\/wp-content\/uploads\/2025\/09\/IMG_6629-300x300.jpg 300w, http:\/\/riccardowebdesign.it\/OPHELIA\/wp-content\/uploads\/2025\/09\/IMG_6629-1024x1024.jpg 1024w, http:\/\/riccardowebdesign.it\/OPHELIA\/wp-content\/uploads\/2025\/09\/IMG_6629-150x150.jpg 150w, http:\/\/riccardowebdesign.it\/OPHELIA\/wp-content\/uploads\/2025\/09\/IMG_6629-768x768.jpg 768w, http:\/\/riccardowebdesign.it\/OPHELIA\/wp-content\/uploads\/2025\/09\/IMG_6629-1536x1536.jpg 1536w, http:\/\/riccardowebdesign.it\/OPHELIA\/wp-content\/uploads\/2025\/09\/IMG_6629-2048x2048.jpg 2048w\" sizes=\"auto, (max-width: 2560px) 100vw, 2560px\" \/> <img loading=\"lazy\" decoding=\"async\" class=\"alignnone size-full wp-image-448\" src=\"http:\/\/riccardowebdesign.it\/OPHELIA\/wp-content\/uploads\/2025\/09\/IMG_6636-scaled.jpg\" alt=\"\" width=\"2560\" height=\"2560\" srcset=\"http:\/\/riccardowebdesign.it\/OPHELIA\/wp-content\/uploads\/2025\/09\/IMG_6636-scaled.jpg 2560w, http:\/\/riccardowebdesign.it\/OPHELIA\/wp-content\/uploads\/2025\/09\/IMG_6636-scaled-450x450.jpg 450w, http:\/\/riccardowebdesign.it\/OPHELIA\/wp-content\/uploads\/2025\/09\/IMG_6636-scaled-100x100.jpg 100w, http:\/\/riccardowebdesign.it\/OPHELIA\/wp-content\/uploads\/2025\/09\/IMG_6636-scaled-900x900.jpg 900w, http:\/\/riccardowebdesign.it\/OPHELIA\/wp-content\/uploads\/2025\/09\/IMG_6636-300x300.jpg 300w, http:\/\/riccardowebdesign.it\/OPHELIA\/wp-content\/uploads\/2025\/09\/IMG_6636-1024x1024.jpg 1024w, http:\/\/riccardowebdesign.it\/OPHELIA\/wp-content\/uploads\/2025\/09\/IMG_6636-150x150.jpg 150w, http:\/\/riccardowebdesign.it\/OPHELIA\/wp-content\/uploads\/2025\/09\/IMG_6636-768x768.jpg 768w, http:\/\/riccardowebdesign.it\/OPHELIA\/wp-content\/uploads\/2025\/09\/IMG_6636-1536x1536.jpg 1536w, http:\/\/riccardowebdesign.it\/OPHELIA\/wp-content\/uploads\/2025\/09\/IMG_6636-2048x2048.jpg 2048w\" sizes=\"auto, (max-width: 2560px) 100vw, 2560px\" \/><\/p>\n<p data-start=\"963\" data-end=\"987\"><strong data-start=\"963\" data-end=\"985\">Azzurrite<\/strong><\/p>\n<p data-start=\"990\" data-end=\"1045\">lucidit\u00e0 &#8211; intuizione &#8211; profondit\u00e0<\/p>\n<p data-start=\"1048\" data-end=\"1253\">L\u2019azzurrite \u00e8 legata alla chiarezza mentale e alla visione interiore. Usata fin dall&#8217;antichit\u00e0 come pietra degli oracoli e dei veggenti, favorisce la connessione con le proprie intuizioni pi\u00f9 autentiche. Chakra associato: terzo occhio.<\/p>\n<p data-start=\"1048\" data-end=\"1253\">\n<ul>\n<li data-start=\"1500\" data-end=\"1568\">\n<p data-start=\"1502\" data-end=\"1568\">Filo di rame naturale, modellato e martellato interamente a mano<\/p>\n<\/li>\n<li data-start=\"1569\" data-end=\"1608\">\n<p data-start=\"1571\" data-end=\"1608\">Pietra centrale: azzurrite naturale<\/p>\n<\/li>\n<li data-start=\"1609\" data-end=\"1667\">\n<p data-start=\"1611\" data-end=\"1667\">Forma: goccia incastonata in struttura a petali aperti<\/p>\n<\/li>\n<li data-start=\"1668\" data-end=\"1716\">\n<p data-start=\"1670\" data-end=\"1716\">Lunghezza regolabile con cordino nero<\/p>\n<\/li>\n<li data-start=\"1717\" data-end=\"1747\">\n<p data-start=\"1719\" data-end=\"1747\">Nickel free e cruelty free<\/p>\n<\/li>\n<li data-start=\"1748\" data-end=\"1806\">\n<p data-start=\"1750\" data-end=\"1806\">Ogni pezzo \u00e8 unico<\/p>\n<\/li>\n<\/ul>\n<p>&nbsp;<\/p>\n<p data-start=\"1864\" data-end=\"2131\">Per chi si sente attratto dal mistero, dall\u2019acqua, dal pensiero profondo.<br data-start=\"1937\" data-end=\"1940\" \/>Per chi \u00e8 in un momento di trasformazione e vuole affidarsi a una guida silenziosa ma solida.<br data-start=\"2033\" data-end=\"2036\" \/>Per le anime riflessive, per chi ama perdersi nel blu e poi ritrovarsi, con pi\u00f9 consapevolezza.<\/p>\n<p data-start=\"2138\" data-end=\"2242\" data-is-last-node=\"\" data-is-only-node=\"\">\n<p>&nbsp;<\/p>\n<p>&nbsp;<\/p>\n","protected":false},"excerpt":{"rendered":"<p>Azzurrite dal colore intenso e vivo, perfetta per chi ama indossare la forza grezza e la bellezza autentica della terra.<\/p>\n","protected":false},"featured_media":447,"comment_status":"open","ping_status":"closed","template":"","meta":[],"product_brand":[26],"product_cat":[19],"product_tag":[],"class_list":{"0":"post-473","1":"product","2":"type-product","3":"status-publish","4":"has-post-thumbnail","6":"product_brand-ophelias-gioielli","7":"product_cat-collane","9":"first","10":"outofstock","11":"sold-individually","12":"purchasable","13":"product-type-simple"},"aioseo_notices":[],"wcpa_form_fields":null,"_links":{"self":[{"href":"http:\/\/riccardowebdesign.it\/OPHELIA\/wp-json\/wp\/v2\/product\/473","targetHints":{"allow":["GET"]}}],"collection":[{"href":"http:\/\/riccardowebdesign.it\/OPHELIA\/wp-json\/wp\/v2\/product"}],"about":[{"href":"http:\/\/riccardowebdesign.it\/OPHELIA\/wp-json\/wp\/v2\/types\/product"}],"replies":[{"embeddable":true,"href":"http:\/\/riccardowebdesign.it\/OPHELIA\/wp-json\/wp\/v2\/comments?post=473"}],"wp:featuredmedia":[{"embeddable":true,"href":"http:\/\/riccardowebdesign.it\/OPHELIA\/wp-json\/wp\/v2\/media\/447"}],"wp:attachment":[{"href":"http:\/\/riccardowebdesign.it\/OPHELIA\/wp-json\/wp\/v2\/media?parent=473"}],"wp:term":[{"taxonomy":"product_brand","embeddable":true,"href":"http:\/\/riccardowebdesign.it\/OPHELIA\/wp-json\/wp\/v2\/product_brand?post=473"},{"taxonomy":"product_cat","embeddable":true,"href":"http:\/\/riccardowebdesign.it\/OPHELIA\/wp-json\/wp\/v2\/product_cat?post=473"},{"taxonomy":"product_tag","embeddable":true,"href":"http:\/\/riccardowebdesign.it\/OPHELIA\/wp-json\/wp\/v2\/product_tag?post=473"}],"curies":[{"name":"wp","href":"https:\/\/api.w.org\/{rel}","templated":true}]}}