{"id":51,"date":"2025-07-28T14:01:47","date_gmt":"2025-07-28T14:01:47","guid":{"rendered":"http:\/\/riccardowebdesign.it\/OPHELIA\/prodotto\/bracciale-con-amazzonite\/"},"modified":"2025-09-16T20:58:57","modified_gmt":"2025-09-16T20:58:57","slug":"collana-labradorite-verde-viola","status":"publish","type":"product","link":"http:\/\/riccardowebdesign.it\/OPHELIA\/prodotto\/collana-labradorite-verde-viola\/","title":{"rendered":"collana Labradorite verde e viola"},"content":{"rendered":"<p><img loading=\"lazy\" decoding=\"async\" class=\"alignnone size-full wp-image-192\" src=\"http:\/\/riccardowebdesign.it\/OPHELIA\/wp-content\/uploads\/2025\/07\/IMG_5776-e1754490533291.png\" alt=\"\" width=\"1170\" height=\"1173\" srcset=\"http:\/\/riccardowebdesign.it\/OPHELIA\/wp-content\/uploads\/2025\/07\/IMG_5776-e1754490533291.png 1170w, http:\/\/riccardowebdesign.it\/OPHELIA\/wp-content\/uploads\/2025\/07\/IMG_5776-e1754490533291-450x450.png 450w, http:\/\/riccardowebdesign.it\/OPHELIA\/wp-content\/uploads\/2025\/07\/IMG_5776-e1754490533291-100x100.png 100w, http:\/\/riccardowebdesign.it\/OPHELIA\/wp-content\/uploads\/2025\/07\/IMG_5776-e1754490533291-900x902.png 900w, http:\/\/riccardowebdesign.it\/OPHELIA\/wp-content\/uploads\/2025\/07\/IMG_5776-e1754490533291-300x300.png 300w, http:\/\/riccardowebdesign.it\/OPHELIA\/wp-content\/uploads\/2025\/07\/IMG_5776-e1754490533291-1021x1024.png 1021w, http:\/\/riccardowebdesign.it\/OPHELIA\/wp-content\/uploads\/2025\/07\/IMG_5776-e1754490533291-150x150.png 150w, http:\/\/riccardowebdesign.it\/OPHELIA\/wp-content\/uploads\/2025\/07\/IMG_5776-e1754490533291-768x770.png 768w\" sizes=\"auto, (max-width: 1170px) 100vw, 1170px\" \/><img loading=\"lazy\" decoding=\"async\" class=\"alignnone size-full wp-image-193\" src=\"http:\/\/riccardowebdesign.it\/OPHELIA\/wp-content\/uploads\/2025\/07\/IMG_5775-e1754490466151.png\" alt=\"\" width=\"1170\" height=\"1164\" srcset=\"http:\/\/riccardowebdesign.it\/OPHELIA\/wp-content\/uploads\/2025\/07\/IMG_5775-e1754490466151.png 1170w, http:\/\/riccardowebdesign.it\/OPHELIA\/wp-content\/uploads\/2025\/07\/IMG_5775-e1754490466151-100x100.png 100w, http:\/\/riccardowebdesign.it\/OPHELIA\/wp-content\/uploads\/2025\/07\/IMG_5775-e1754490466151-900x895.png 900w, http:\/\/riccardowebdesign.it\/OPHELIA\/wp-content\/uploads\/2025\/07\/IMG_5775-e1754490466151-300x298.png 300w, http:\/\/riccardowebdesign.it\/OPHELIA\/wp-content\/uploads\/2025\/07\/IMG_5775-e1754490466151-1024x1019.png 1024w, http:\/\/riccardowebdesign.it\/OPHELIA\/wp-content\/uploads\/2025\/07\/IMG_5775-e1754490466151-150x150.png 150w, http:\/\/riccardowebdesign.it\/OPHELIA\/wp-content\/uploads\/2025\/07\/IMG_5775-e1754490466151-768x764.png 768w\" sizes=\"auto, (max-width: 1170px) 100vw, 1170px\" \/><\/p>\n<p data-start=\"932\" data-end=\"1223\"><strong data-start=\"932\" data-end=\"953\">Labradorite verde<\/strong> \u2013 pietra di armonia emotiva e radicamento energetico.<br data-start=\"1007\" data-end=\"1010\" \/>Aiuta a rimanere centrati anche in situazioni complesse, bilanciando il cuore e rafforzando il senso di sicurezza interiore. \u00c8 utile per proteggere dall\u2019assorbimento emotivo eccessivo e dona lucidit\u00e0 nei rapporti.<\/p>\n<p data-start=\"1225\" data-end=\"1502\"><strong data-start=\"1225\" data-end=\"1246\">Labradorite viola<\/strong> \u2013 pietra di visione interiore, connessione psichica e accesso al S\u00e9 superiore.<br data-start=\"1325\" data-end=\"1328\" \/>Stimola intuizioni profonde, sogni lucidi e percezioni extrasensoriali. Lavora sui livelli pi\u00f9 sottili, aprendo il canale intuitivo e facilitando meditazione e introspezione.<\/p>\n<ul>\n<li data-start=\"1534\" data-end=\"1588\">\n<p data-start=\"1536\" data-end=\"1588\">Filo di rame anticato, lavorato interamente a mano<\/p>\n<\/li>\n<li data-start=\"1589\" data-end=\"1659\">\n<p data-start=\"1591\" data-end=\"1659\">Pietre naturali selezionate: labradorite verde e labradorite viola<\/p>\n<\/li>\n<li data-start=\"1660\" data-end=\"1709\">\n<p data-start=\"1662\" data-end=\"1709\">Lunghezza regolabile con catenina estensibile<\/p>\n<\/li>\n<li data-start=\"1710\" data-end=\"1740\">\n<p data-start=\"1712\" data-end=\"1740\">Nickel free e cruelty free<\/p>\n<\/li>\n<li data-start=\"1741\" data-end=\"1803\">\n<p data-start=\"1743\" data-end=\"1803\">Ogni creazione \u00e8 un pezzo unico, con riflessi sempre diversi<\/p>\n<\/li>\n<\/ul>\n<p>&nbsp;<\/p>\n<p>Per chi ha una forte sensibilit\u00e0 interiore, ma desidera mantenerla protetta e canalizzata con lucidit\u00e0. \u00c8 un sostegno energetico per momenti di trasformazione, percorsi spirituali e fasi di consapevolezza emotiva.<\/p>\n","protected":false},"excerpt":{"rendered":"<p>Le due varianti di labradorite lavorano in sinergia per proteggere l\u2019aura, rafforzare l\u2019intuizione e stimolare la visione interiore. Verde per l\u2019equilibrio emotivo e la centratura, viola per connessione spirituale e profondit\u00e0 psichica.<\/p>\n","protected":false},"featured_media":192,"comment_status":"open","ping_status":"closed","template":"","meta":[],"product_brand":[26],"product_cat":[19],"product_tag":[],"class_list":{"0":"post-51","1":"product","2":"type-product","3":"status-publish","4":"has-post-thumbnail","6":"product_brand-ophelias-gioielli","7":"product_cat-collane","9":"first","10":"outofstock","11":"sold-individually","12":"purchasable","13":"product-type-simple"},"aioseo_notices":[],"wcpa_form_fields":null,"_links":{"self":[{"href":"http:\/\/riccardowebdesign.it\/OPHELIA\/wp-json\/wp\/v2\/product\/51","targetHints":{"allow":["GET"]}}],"collection":[{"href":"http:\/\/riccardowebdesign.it\/OPHELIA\/wp-json\/wp\/v2\/product"}],"about":[{"href":"http:\/\/riccardowebdesign.it\/OPHELIA\/wp-json\/wp\/v2\/types\/product"}],"replies":[{"embeddable":true,"href":"http:\/\/riccardowebdesign.it\/OPHELIA\/wp-json\/wp\/v2\/comments?post=51"}],"wp:featuredmedia":[{"embeddable":true,"href":"http:\/\/riccardowebdesign.it\/OPHELIA\/wp-json\/wp\/v2\/media\/192"}],"wp:attachment":[{"href":"http:\/\/riccardowebdesign.it\/OPHELIA\/wp-json\/wp\/v2\/media?parent=51"}],"wp:term":[{"taxonomy":"product_brand","embeddable":true,"href":"http:\/\/riccardowebdesign.it\/OPHELIA\/wp-json\/wp\/v2\/product_brand?post=51"},{"taxonomy":"product_cat","embeddable":true,"href":"http:\/\/riccardowebdesign.it\/OPHELIA\/wp-json\/wp\/v2\/product_cat?post=51"},{"taxonomy":"product_tag","embeddable":true,"href":"http:\/\/riccardowebdesign.it\/OPHELIA\/wp-json\/wp\/v2\/product_tag?post=51"}],"curies":[{"name":"wp","href":"https:\/\/api.w.org\/{rel}","templated":true}]}}