{"id":941,"date":"2025-11-01T17:11:58","date_gmt":"2025-11-01T16:11:58","guid":{"rendered":"http:\/\/riccardowebdesign.it\/OPHELIA\/prodotto\/prodotto-4\/"},"modified":"2025-11-01T17:23:10","modified_gmt":"2025-11-01T16:23:10","slug":"prodotto-4","status":"publish","type":"product","link":"http:\/\/riccardowebdesign.it\/OPHELIA\/prodotto\/prodotto-4\/","title":{"rendered":"Occhio di Tigre \u2013 Cabochon singoli (#1\u2013#16)"},"content":{"rendered":"<p data-start=\"286\" data-end=\"591\">Cabochon di <strong data-start=\"298\" data-end=\"326\">occhio di tigre naturale<\/strong>, selezionati per le loro sfumature dorate e marroni con il caratteristico effetto ottico \u201cchatoyance\u201d, che crea un riflesso setoso in movimento sotto la luce. Ogni pietra mostra venature dinamiche e profonde, che rendono ogni cabochon unico e ricco di carattere.<\/p>\n<p data-start=\"593\" data-end=\"821\">L\u2019occhio di tigre \u00e8 una pietra di <strong data-start=\"627\" data-end=\"669\">protezione, coraggio e forza personale<\/strong>. \u00c8 tradizionalmente associato alla fiducia in s\u00e9 e alla lucidit\u00e0 mentale, aiutando a mantenere equilibrio e determinazione nei momenti di incertezza.<\/p>\n<p data-start=\"823\" data-end=\"1085\"><strong data-start=\"823\" data-end=\"838\">Dimensioni:<\/strong> variabili tra ~22\u00d715 mm e ~30\u00d720 mm<br data-start=\"874\" data-end=\"877\" \/><strong data-start=\"877\" data-end=\"887\">Forma:<\/strong> ovale, goccia e rettangolare<br data-start=\"916\" data-end=\"919\" \/><strong data-start=\"919\" data-end=\"934\">Lucidatura:<\/strong> alta lucentezza con riflesso setoso<br data-start=\"970\" data-end=\"973\" \/>Ogni cabochon \u00e8 numerato (#1\u2013#16) e pu\u00f2 essere acquistato singolarmente selezionando il numero corrispondente.<\/p>\n","protected":false},"excerpt":{"rendered":"<p>Cabochon di <strong data-start=\"298\" data-end=\"326\">occhio di tigre naturale<\/strong>, selezionati per le loro sfumature dorate e marroni con il caratteristico effetto ottico \u201cchatoyance\u201d, che crea un riflesso setoso in movimento sotto la luce. Ogni pietra mostra venature dinamiche e profonde, che rendono ogni cabochon unico e ricco di carattere.<\/p>\n","protected":false},"featured_media":974,"comment_status":"open","ping_status":"closed","template":"","meta":[],"product_brand":[],"product_cat":[27],"product_tag":[],"class_list":{"0":"post-941","1":"product","2":"type-product","3":"status-publish","4":"has-post-thumbnail","6":"product_cat-cabochon","8":"first","9":"instock","10":"purchasable","11":"product-type-variable"},"aioseo_notices":[],"wcpa_form_fields":null,"_links":{"self":[{"href":"http:\/\/riccardowebdesign.it\/OPHELIA\/wp-json\/wp\/v2\/product\/941","targetHints":{"allow":["GET"]}}],"collection":[{"href":"http:\/\/riccardowebdesign.it\/OPHELIA\/wp-json\/wp\/v2\/product"}],"about":[{"href":"http:\/\/riccardowebdesign.it\/OPHELIA\/wp-json\/wp\/v2\/types\/product"}],"replies":[{"embeddable":true,"href":"http:\/\/riccardowebdesign.it\/OPHELIA\/wp-json\/wp\/v2\/comments?post=941"}],"wp:featuredmedia":[{"embeddable":true,"href":"http:\/\/riccardowebdesign.it\/OPHELIA\/wp-json\/wp\/v2\/media\/974"}],"wp:attachment":[{"href":"http:\/\/riccardowebdesign.it\/OPHELIA\/wp-json\/wp\/v2\/media?parent=941"}],"wp:term":[{"taxonomy":"product_brand","embeddable":true,"href":"http:\/\/riccardowebdesign.it\/OPHELIA\/wp-json\/wp\/v2\/product_brand?post=941"},{"taxonomy":"product_cat","embeddable":true,"href":"http:\/\/riccardowebdesign.it\/OPHELIA\/wp-json\/wp\/v2\/product_cat?post=941"},{"taxonomy":"product_tag","embeddable":true,"href":"http:\/\/riccardowebdesign.it\/OPHELIA\/wp-json\/wp\/v2\/product_tag?post=941"}],"curies":[{"name":"wp","href":"https:\/\/api.w.org\/{rel}","templated":true}]}}